{"id":2770,"date":"2025-03-21T23:12:55","date_gmt":"2025-03-21T23:12:55","guid":{"rendered":"https:\/\/lookalocker.com\/?page_id=2770"},"modified":"2025-03-28T09:25:02","modified_gmt":"2025-03-28T09:25:02","slug":"aviso-legal","status":"publish","type":"page","link":"https:\/\/lookalocker.com\/en\/aviso-legal\/","title":{"rendered":"Legal Notice"},"content":{"rendered":"<div data-elementor-type=\"wp-page\" data-elementor-id=\"2770\" class=\"elementor elementor-2770\" data-elementor-post-type=\"page\">\n\t\t\t\t<div class=\"elementor-element elementor-element-0169414 e-flex e-con-boxed e-con e-parent\" data-id=\"0169414\" data-element_type=\"container\" data-e-type=\"container\">\n\t\t\t\t\t<div class=\"e-con-inner\">\n\t\t\t\t<div class=\"elementor-element elementor-element-999ccae elementor-widget elementor-widget-text-editor\" data-id=\"999ccae\" data-element_type=\"widget\" data-e-type=\"widget\" data-widget_type=\"text-editor.default\">\n\t\t\t\t<div class=\"elementor-widget-container\">\n\t\t\t\t\t\t\t\t\t<main class=\"widget-content aviso-legal\"><br \/><!-- INICIO: Ajustes generales del contenedor del widget de aviso legal --><br \/><!-- Aqu\u00ed puedes a\u00f1adir estilos generales como padding, margin, background-color, etc. --><br \/><!-- Tambi\u00e9n puedes ajustar esto directamente en las opciones de estilo del widget en Gutenberg. --><\/main><p><style>\n        \/* Estilos generales del aviso legal - Hereda estilos de pol\u00edtica de privacidad y ajusta si es necesario *\/<br \/>        \/* Puedes modificar estos estilos para personalizar la apariencia dentro de Gutenberg *\/<br \/>        .widget-content.aviso-legal {<br \/>            background-color: #FEF1E400; \/* Color de fondo general (transparente ahora - #FEF1E4 para color) *\/<br \/>            color: #222222; \/* Color de texto principal *\/<br \/>            font-family: Poppins, sans-serif; \/* Tipograf\u00eda *\/<br \/>            line-height: 1.6; \/* Espaciado entre l\u00edneas *\/<br \/>            padding: 20px; \/* Espaciado interno *\/<br \/>            border-radius: 8px; \/* Bordes redondeados si se desea *\/<br \/>            width: 100%; \/* Asegura que el widget ocupe el ancho completo *\/<br \/>            display: flex; \/* Para centrar el contenido interno si es necesario *\/<br \/>            justify-content: center; \/* Para centrar el contenido interno horizontalmente *\/<br \/>        }<\/p>\n<p>        .aviso-legal-container { \/* Nuevo contenedor interno para aviso legal *\/<br \/>            background: white; \/* Fondo blanco para la caja de texto *\/<br \/>            padding: 20px;<br \/>            border-radius: 8px;<br \/>            box-shadow: 0 0 10px rgba(0, 0, 0, 0.1); \/* Sombra para la caja blanca *\/<br \/>            max-width: 800px; \/* Ancho m\u00e1ximo del contenido interno (ajusta si quieres m\u00e1s ancho) *\/<br \/>            width: 100%; \/* Asegura que el contenedor interno ocupe el ancho disponible dentro del widget *\/<br \/>        }<\/p>\n<p>        .aviso-legal-titulo {<br \/>            color: #222222; \/* Color del t\u00edtulo principal *\/<br \/>            font-size: 2.5em; \/* Aumentamos el tama\u00f1o del t\u00edtulo principal *\/<br \/>            font-weight: bold; \/* Hacemos el t\u00edtulo principal m\u00e1s bold *\/<br \/>            margin-bottom: 20px; \/* A\u00f1adimos margen inferior para separarlo del contenido *\/<br \/>            \/* Ajustes adicionales para el t\u00edtulo principal (tama\u00f1o, margen, etc.) *\/<br \/>        }<\/p>\n<p>        .aviso-legal-section-titulo {<br \/>            color: #222222; \/* Color de los t\u00edtulos de secci\u00f3n *\/<br \/>            font-size: 1.8em; \/* Tama\u00f1o ligeramente menor para los t\u00edtulos de secci\u00f3n *\/<br \/>            font-weight: bold; \/* Mantenemos los t\u00edtulos de secci\u00f3n en bold tambi\u00e9n, o puedes cambiar a 'normal' si prefieres *\/<br \/>            margin-top: 25px; \/* A\u00f1adimos margen superior para separar secciones *\/<br \/>            margin-bottom: 10px; \/* A\u00f1adimos margen inferior para separar del texto de la secci\u00f3n *\/<br \/>            \/* Ajustes adicionales para los t\u00edtulos de secci\u00f3n *\/<br \/>        }<\/p>\n<p>        .aviso-legal-section-texto {<br \/>            \/* Ajustes para el texto de las secciones *\/<br \/>            font-size: 1em; \/* Tama\u00f1o base para el texto de la secci\u00f3n, puedes ajustarlo *\/<br \/>        }<\/p>\n<p>        .aviso-legal-section-texto strong {<br \/>            color: #FF6210; \/* Color para el texto en negrita\/strong *\/<br \/>        }<\/p>\n<p>        .aviso-legal-section-texto ul {<br \/>            padding-left: 20px; \/* Espaciado para listas *\/<br \/>        }<\/p>\n<p>        .aviso-legal-list-item {<br \/>            \/* Estilos para los items de lista si se necesitan *\/<br \/>        }<\/p>\n<p>        \/* **ESTILOS PARA LOS ENLACES** *\/<br \/>        .aviso-legal-container a,<br \/>        .politica-privacidad-container a { \/* Aplicamos estilos a los links en ambos contenedores *\/<br \/>            color: #007BFF; \/* Color azul est\u00e1ndar para enlaces - visible en blanco *\/<br \/>            text-decoration: none; \/* Quitamos la decoraci\u00f3n de subrayado por defecto *\/<br \/>        }<\/p>\n<p>        .aviso-legal-container a:hover,<br \/>        .politica-privacidad-container a:hover { \/* Estilo al pasar el rat\u00f3n por encima *\/<br \/>            color: #0056b3; \/* Un azul m\u00e1s oscuro para el hover *\/<br \/>            text-decoration: underline; \/* Volvemos a poner el subrayado en hover para feedback visual *\/<br \/>        }<\/p>\n<p>        .aviso-legal-container a:visited,<br \/>        .politica-privacidad-container a:visited { \/* Estilo para enlaces visitados (opcional) *\/<br \/>            color: #868e96; \/* Un gris m\u00e1s suave para enlaces visitados - opcional *\/<br \/>        }<br \/>        \/* **FIN DE ESTILOS PARA LOS ENLACES** *\/<\/p>\n<p>        \/* FIN: Estilos generales del aviso legal *\/<br \/>    <\/style><\/p><p><!-- FIN: Ajustes generales del contenedor del widget de aviso legal --><\/p><div class=\"aviso-legal-container\"><p><!-- Nuevo contenedor interno con fondo blanco --><\/p><h1 class=\"widget-title aviso-legal-titulo\" style=\"text-align: center;\">AVISO LEGAL<\/h1><p><!-- Ajustes para el t\u00edtulo principal del aviso legal --><br \/><!-- Puedes cambiar la tipograf\u00eda, tama\u00f1o, color, margen inferior, etc. --><\/p><section class=\"aviso-legal-section\"><h2 class=\"aviso-legal-section-titulo\">RESPONSABLE DEL SITIO WEB<\/h2><p><!-- Ajustes para el estilo de los t\u00edtulos de secci\u00f3n --><br \/><!-- Color de texto, tama\u00f1o de fuente, peso de la fuente, margen inferior, etc. --><\/p><div class=\"aviso-legal-section-texto\"><p><!-- Ajustes para el estilo del texto de secci\u00f3n --><br \/><!-- Color de texto, tama\u00f1o de fuente, margen inferior, etc. --><\/p><p>En base a lo establecido en Ley 34\/2002, de 11 de julio, de servicios de la sociedad de la informaci\u00f3n y de comercio electr\u00f3nico, se informa que est\u00e1 visitando la p\u00e1gina web https:\/\/www.lookalocker.com, (en adelante \u201csitio Web\u201d), titularidad de Sonia Correas Mar\u00edn, con domicilio social en C\/Bronce 25, 28045, Madrid, Espa\u00f1a, con DNI 03914737E, (en adelante, el TITULAR).<\/p><p><strong>Datos de contacto:<\/strong><\/p><ul><li class=\"aviso-legal-list-item\"><strong>Tel\u00e9fono:<\/strong> +34 623939679<\/li><li class=\"aviso-legal-list-item\"><strong>Correo electr\u00f3nico:<\/strong> <a href=\"mailto:info@lookalocker.com\"><a href=\"mailto:info@lookalocker.com\">info@lookalocker.com<\/a><\/a>.<\/li><\/ul><\/div><\/section><section class=\"aviso-legal-section\"><h2 class=\"aviso-legal-section-titulo\">USUARIOS<\/h2><div class=\"aviso-legal-section-texto\"><p>Mediante el acceso y el uso de este sitio web, adquiere la condici\u00f3n de USUARIO, implicando por ende, la aceptaci\u00f3n plena y sin reservas de todas las disposiciones establecidas en el presente aviso legal. A trav\u00e9s de este documento, le informamos sobre los t\u00e9rminos y condiciones que rigen el acceso y uso de los sitios web del Titular, as\u00ed como de los servicios y contenidos vinculados a ellos (en adelante, \u00abel sitio\u00bb).<\/p><p>Recomendamos consultar los textos legales del sitio web cada vez que desea hacer uso del mismo, siendo su responsabilidad.<\/p><p>Asimismo, el TITULAR se reserva el derecho de suspender, interrumpir o dejar de operar el Sitio Web en cualquier momento.<\/p><\/div><\/section><section class=\"aviso-legal-section\"><h2 class=\"aviso-legal-section-titulo\">CONDICIONES DE USO DEL SITIO WEB<\/h2><div class=\"aviso-legal-section-texto\"><p>Esta web proporciona el acceso a informaci\u00f3n, servicios, programas o datos (en adelante, \u201clos contenidos\u201d) en Internet pertenecientes al Titular. El Usuario es plenamente responsable del uso del portal.<\/p><p>El Usuario se compromete a utilizar adecuadamente los contenidos y servicios que el Titular ofrece a trav\u00e9s de su sitio web y con car\u00e1cter enunciativo, pero no limitativo, a no emplearlos para:<\/p><ul><li class=\"aviso-legal-list-item\">Incurrir en actividades il\u00edcitas, ilegales o contrarias a la buena fe y al orden p\u00fablico.<\/li><li class=\"aviso-legal-list-item\">Difundir contenidos o propaganda atentatoria contra los derechos humanos.<\/li><li class=\"aviso-legal-list-item\">Realizar actividades da\u00f1inas, que interrumpan el uso efectivo del sitio Web.<\/li><li class=\"aviso-legal-list-item\">Provocar da\u00f1os en los sistemas f\u00edsicos y l\u00f3gicos del Titular, de sus proveedores o de terceras personas, introducir o difundir en la red virus inform\u00e1ticos o cualesquiera otros sistemas f\u00edsicos o l\u00f3gicos que sean susceptibles de provocar los da\u00f1os anteriormente mencionados.<\/li><li class=\"aviso-legal-list-item\">Utilizar el sitio web ni las informaciones que en \u00e9l se contienen con fines comerciales, pol\u00edticos, publicitarios y para cualquier uso comercial, y el env\u00edo de correos electr\u00f3nicos no solicitados.<\/li><\/ul><\/div><\/section><section class=\"aviso-legal-section\"><h2 class=\"aviso-legal-section-titulo\">DERECHOS DE PROPIEDAD INTELECTUAL E INDUSTRIAL<\/h2><div class=\"aviso-legal-section-texto\"><p>Todos los derechos de propiedad intelectual e industrial sobre los contenidos de este sitio web, incluyendo su dise\u00f1o gr\u00e1fico, im\u00e1genes, r\u00f3tulos, signos distintivos, nombre, logotipo, c\u00f3digo fuente y servicios, son propiedad exclusiva de Sonia Correas Mar\u00edn o de terceros que han autorizado su uso. En base de la normativa aplicable, Sonia Correas Mar\u00edn se reserva el ejercicio exclusivo de los derechos de explotaci\u00f3n de estos elementos, sin conceder licencia o autorizaci\u00f3n alguna para su uso, salvo que se indique expresamente lo contrario.<\/p><p>Se permite la reproducci\u00f3n y almacenamiento temporal de los contenidos del sitio web \u00fanicamente cuando sea estrictamente necesario para su uso y visualizaci\u00f3n desde un dispositivo personal. No est\u00e1 permitida su reproducci\u00f3n, distribuci\u00f3n, modificaci\u00f3n o utilizaci\u00f3n con fines comerciales o publicitarios sin autorizaci\u00f3n expresa del titular o en los casos en que la ley lo permita. Asimismo, queda prohibido cualquier intento de obtener los contenidos por medios distintos a los facilitados en el sitio web.<\/p><\/div><\/section><section class=\"aviso-legal-section\"><h2 class=\"aviso-legal-section-titulo\">EXCLUSI\u00d3N DE GARANT\u00cdAS Y RESPONSABILIDAD<\/h2><div class=\"aviso-legal-section-texto\"><p>El uso de los contenidos de esta p\u00e1gina web se desarrollan bajo la responsabilidad del Usuario. As\u00ed pues, a t\u00edtulo enunciativo, el Titular no asume ninguna responsabilidad en:<\/p><ul><li class=\"aviso-legal-list-item\">La disponibilidad del funcionamiento de la p\u00e1gina web, sus servicios y contenidos y su calidad o interoperabilidad.<\/li><li class=\"aviso-legal-list-item\">La finalidad para la que la p\u00e1gina web sirva a los objetivos del Usuario.<\/li><li class=\"aviso-legal-list-item\">La infracci\u00f3n de la legislaci\u00f3n vigente por parte del Usuario o terceros y, en concreto, de los derechos de propiedad intelectual e industrial que sean titularidad de otras personas o entidades.<\/li><li class=\"aviso-legal-list-item\">La existencia de c\u00f3digos maliciosos o cualquier otro elemento inform\u00e1tico da\u00f1ino que pudiera causar el sistema inform\u00e1tico del Usuario o de terceros. Corresponde al Usuario, en todo caso, disponer de herramientas adecuadas para la detecci\u00f3n y desinfecci\u00f3n de estos elementos.<\/li><li class=\"aviso-legal-list-item\">El acceso fraudulento a los contenidos o servicios por terceros no autorizados, o, en su caso, la captura, eliminaci\u00f3n, alteraci\u00f3n, modificaci\u00f3n o manipulaci\u00f3n de los mensajes y comunicaciones de cualquier clase que dichos terceros pudiera realizar.<\/li><li class=\"aviso-legal-list-item\">Los da\u00f1os producidos a equipos inform\u00e1ticos durante el acceso a la p\u00e1gina web y los da\u00f1os producidos a los Usuarios cuando tengan su origen en fallos o desconexiones en las redes de telecomunicaciones que interrumpan el servicio.<\/li><li class=\"aviso-legal-list-item\">Los da\u00f1os o perjuicios que se deriven de circunstancias acaecidas por caso fortuito o fuerza mayor.<\/li><\/ul><\/div><\/section><section class=\"aviso-legal-section\"><h2 class=\"aviso-legal-section-titulo\">MODIFICACIONES Y DURACI\u00d3N<\/h2><div class=\"aviso-legal-section-texto\"><p>El Titular del sitio web se reserva el derecho de suprimir, a\u00f1adir o cambiar tanto los Contenidos como los Servicios que presta. Se entienden como vigentes, las condiciones que est\u00e9n publicadas en el momento en el que el Usuario acceda al sitio web <a href=\"mailto:info@lookalocker.com\"><a href=\"mailto:info@lookalocker.com\">info@lookalocker.com<\/a><\/a>.<\/p><p>Este aviso legal es de car\u00e1cter indefinido y estar\u00e1 vigente hasta que sea modificado. As\u00ed pues, se pueden efectuar cambios sobre las condiciones especificadas en el mismo. Estas, entrar\u00e1n en vigor desde el momento de su publicaci\u00f3n.<\/p><p>El acceso y\/o el uso del sitio web se entender\u00e1 como una aceptaci\u00f3n por parte del Usuario del presente Aviso Legal y sus condiciones y, en su caso, los cambios efectuados en las mismas.<\/p><p>Asimismo, en la contrataci\u00f3n de nuestro servicio, deber\u00e1 aceptar, previa realizaci\u00f3n del pago, las Condiciones de contrataci\u00f3n que regulan las condiciones del servicio que se contrata.<\/p><\/div><\/section><section class=\"aviso-legal-section\"><h2 class=\"aviso-legal-section-titulo\">HIPERV\u00cdNCULOS<\/h2><div class=\"aviso-legal-section-texto\"><p>El sitio web del TITULAR podr\u00eda contener enlaces a p\u00e1ginas web de compa\u00f1\u00edas y entidades de terceros. Aconsejamos leer la Pol\u00edtica de Privacidad de estas p\u00e1ginas web que no son propiedad del TITULAR y de las cuales el TITULAR no se hace responsable.<\/p><\/div><\/section><section class=\"aviso-legal-section\"><h2 class=\"aviso-legal-section-titulo\">DERECHOS DE EXCLUSI\u00d3N<\/h2><div class=\"aviso-legal-section-texto\"><p>El Titular se reserva el derecho a denegar o retirar el acceso al portal y\/o los servicios ofrecidos sin necesidad de advertencia previa, a instancia propia o de un tercero, a aquellos usuarios que incumplan el contenido de este aviso legal.<\/p><\/div><\/section><section class=\"aviso-legal-section\"><h2 class=\"aviso-legal-section-titulo\">GENERALIDADES<\/h2><div class=\"aviso-legal-section-texto\"><p>Se perseguir\u00e1 cualquier incumplimiento de las condiciones de uso o utilizaci\u00f3n indebida. Se ejercer\u00e1n todas las acciones civiles y penales que le puedan corresponder en derecho.<\/p><\/div><\/section><section class=\"aviso-legal-section\"><h2 class=\"aviso-legal-section-titulo\">LEGISLACI\u00d3N APLICABLE Y JURISDICCI\u00d3N<\/h2><div class=\"aviso-legal-section-texto\"><p>Todas las cuestiones que pudieran derivarse del acceso y\/o uso del mismo se entender\u00e1n reguladas e interpretadas de conformidad con la legislaci\u00f3n espa\u00f1ola y cualquier controversia se someter\u00e1 a los Juzgados y Tribunales de Madrid.<\/p><\/div><\/section><section class=\"aviso-legal-section\"><h2 class=\"aviso-legal-section-titulo\">MENORES DE EDAD<\/h2><div class=\"aviso-legal-section-texto\"><p>Los servicios de esta web se dirigen a usuarios mayores de 16 a\u00f1os.<\/p><\/div><\/section><section class=\"aviso-legal-section\"><h2 class=\"aviso-legal-section-titulo\">MEDIDAS DE SEGURIDAD &#8211; SSL<\/h2><div class=\"aviso-legal-section-texto\"><p>Se ha establecido un certificado SSL (\u00abSecure Sockets Layer\u00bb) que protege la informaci\u00f3n y datos personales que se puedan tratar en el sitio web.<\/p><\/div><\/section><p><!-- FIN: Secci\u00f3n de aviso legal. Puedes a\u00f1adir m\u00e1s secciones si es necesario. --><\/p><\/div><p><!-- Cierre del contenedor interno aviso-legal-container --><\/p>\t\t\t\t\t\t\t\t<\/div>\n\t\t\t\t<\/div>\n\t\t\t\t\t<\/div>\n\t\t\t\t<\/div>\n\t\t\t\t<\/div>","protected":false},"excerpt":{"rendered":"<p>AVISO LEGAL RESPONSABLE DEL SITIO WEB En base a lo establecido en Ley 34\/2002, de 11 de julio, de servicios de la sociedad de la informaci\u00f3n y de comercio electr\u00f3nico, se informa que est\u00e1 visitando la p\u00e1gina web https:\/\/www.lookalocker.com, (en adelante \u201csitio Web\u201d), titularidad de Sonia Correas Mar\u00edn, con domicilio social en C\/Bronce 25, 28045, [&hellip;]<\/p>","protected":false},"author":3,"featured_media":0,"parent":0,"menu_order":0,"comment_status":"closed","ping_status":"closed","template":"","meta":{"site-sidebar-layout":"no-sidebar","site-content-layout":"page-builder","ast-site-content-layout":"full-width-container","site-content-style":"default","site-sidebar-style":"default","ast-global-header-display":"","ast-banner-title-visibility":"","ast-main-header-display":"","ast-hfb-above-header-display":"","ast-hfb-below-header-display":"","ast-hfb-mobile-header-display":"","site-post-title":"disabled","ast-breadcrumbs-content":"","ast-featured-img":"disabled","footer-sml-layout":"","theme-transparent-header-meta":"","adv-header-id-meta":"","stick-header-meta":"","header-above-stick-meta":"","header-main-stick-meta":"","header-below-stick-meta":"","astra-migrate-meta-layouts":"set","ast-page-background-enabled":"default","ast-page-background-meta":{"desktop":{"background-color":"","background-image":"","background-repeat":"repeat","background-position":"center center","background-size":"auto","background-attachment":"scroll","background-type":"","background-media":"","overlay-type":"","overlay-color":"","overlay-opacity":"","overlay-gradient":""},"tablet":{"background-color":"","background-image":"","background-repeat":"repeat","background-position":"center center","background-size":"auto","background-attachment":"scroll","background-type":"","background-media":"","overlay-type":"","overlay-color":"","overlay-opacity":"","overlay-gradient":""},"mobile":{"background-color":"","background-image":"","background-repeat":"repeat","background-position":"center center","background-size":"auto","background-attachment":"scroll","background-type":"","background-media":"","overlay-type":"","overlay-color":"","overlay-opacity":"","overlay-gradient":""}},"ast-content-background-meta":{"desktop":{"background-color":"var(--ast-global-color-5)","background-image":"","background-repeat":"repeat","background-position":"center center","background-size":"auto","background-attachment":"scroll","background-type":"","background-media":"","overlay-type":"","overlay-color":"","overlay-opacity":"","overlay-gradient":""},"tablet":{"background-color":"var(--ast-global-color-5)","background-image":"","background-repeat":"repeat","background-position":"center center","background-size":"auto","background-attachment":"scroll","background-type":"","background-media":"","overlay-type":"","overlay-color":"","overlay-opacity":"","overlay-gradient":""},"mobile":{"background-color":"var(--ast-global-color-5)","background-image":"","background-repeat":"repeat","background-position":"center center","background-size":"auto","background-attachment":"scroll","background-type":"","background-media":"","overlay-type":"","overlay-color":"","overlay-opacity":"","overlay-gradient":""}},"_mbp_gutenberg_autopost":false,"footnotes":""},"class_list":["post-2770","page","type-page","status-publish","hentry"],"_links":{"self":[{"href":"https:\/\/lookalocker.com\/en\/wp-json\/wp\/v2\/pages\/2770","targetHints":{"allow":["GET"]}}],"collection":[{"href":"https:\/\/lookalocker.com\/en\/wp-json\/wp\/v2\/pages"}],"about":[{"href":"https:\/\/lookalocker.com\/en\/wp-json\/wp\/v2\/types\/page"}],"author":[{"embeddable":true,"href":"https:\/\/lookalocker.com\/en\/wp-json\/wp\/v2\/users\/3"}],"replies":[{"embeddable":true,"href":"https:\/\/lookalocker.com\/en\/wp-json\/wp\/v2\/comments?post=2770"}],"version-history":[{"count":0,"href":"https:\/\/lookalocker.com\/en\/wp-json\/wp\/v2\/pages\/2770\/revisions"}],"wp:attachment":[{"href":"https:\/\/lookalocker.com\/en\/wp-json\/wp\/v2\/media?parent=2770"}],"curies":[{"name":"wp","href":"https:\/\/api.w.org\/{rel}","templated":true}]}}