{"id":2837,"date":"2025-03-27T15:26:16","date_gmt":"2025-03-27T15:26:16","guid":{"rendered":"https:\/\/lookalocker.com\/?page_id=2837"},"modified":"2025-03-28T09:25:21","modified_gmt":"2025-03-28T09:25:21","slug":"politica-de-privacidad","status":"publish","type":"page","link":"https:\/\/lookalocker.com\/en\/politica-de-privacidad\/","title":{"rendered":"Privacy Policy"},"content":{"rendered":"<div data-elementor-type=\"wp-page\" data-elementor-id=\"2837\" class=\"elementor elementor-2837\" data-elementor-post-type=\"page\">\n\t\t\t\t<div class=\"elementor-element elementor-element-0169414 e-flex e-con-boxed e-con e-parent\" data-id=\"0169414\" data-element_type=\"container\" data-e-type=\"container\">\n\t\t\t\t\t<div class=\"e-con-inner\">\n\t\t\t\t<div class=\"elementor-element elementor-element-999ccae elementor-widget elementor-widget-text-editor\" data-id=\"999ccae\" data-element_type=\"widget\" data-e-type=\"widget\" data-widget_type=\"text-editor.default\">\n\t\t\t\t<div class=\"elementor-widget-container\">\n\t\t\t\t\t\t\t\t\t<main class=\"widget-content aviso-legal\"><br \/><!-- INICIO: Ajustes generales del contenedor del widget de aviso legal --><br \/><!-- Aqu\u00ed puedes a\u00f1adir estilos generales como padding, margin, background-color, etc. --><br \/><!-- Tambi\u00e9n puedes ajustar esto directamente en las opciones de estilo del widget en Gutenberg. --><\/main><p><style>\n        \/* Estilos generales del aviso legal - Hereda estilos de pol\u00edtica de privacidad y ajusta si es necesario *\/<br \/>        \/* Puedes modificar estos estilos para personalizar la apariencia dentro de Gutenberg *\/<br \/>        .widget-content.aviso-legal {<br \/>            background-color: #FEF1E400; \/* Color de fondo general (transparente ahora - #FEF1E4 para color) *\/<br \/>            color: #222222; \/* Color de texto principal *\/<br \/>            font-family: Poppins, sans-serif; \/* Tipograf\u00eda *\/<br \/>            line-height: 1.6; \/* Espaciado entre l\u00edneas *\/<br \/>            padding: 20px; \/* Espaciado interno *\/<br \/>            border-radius: 8px; \/* Bordes redondeados si se desea *\/<br \/>            width: 100%; \/* Asegura que el widget ocupe el ancho completo *\/<br \/>            display: flex; \/* Para centrar el contenido interno si es necesario *\/<br \/>            justify-content: center; \/* Para centrar el contenido interno horizontalmente *\/<br \/>        }<\/p>\n<p>        .aviso-legal-container { \/* Nuevo contenedor interno para aviso legal *\/<br \/>            background: white; \/* Fondo blanco para la caja de texto *\/<br \/>            padding: 20px;<br \/>            border-radius: 8px;<br \/>            box-shadow: 0 0 10px rgba(0, 0, 0, 0.1); \/* Sombra para la caja blanca *\/<br \/>            max-width: 800px; \/* Ancho m\u00e1ximo del contenido interno (ajusta si quieres m\u00e1s ancho) *\/<br \/>            width: 100%; \/* Asegura que el contenedor interno ocupe el ancho disponible dentro del widget *\/<br \/>        }<\/p>\n<p>        .aviso-legal-titulo {<br \/>            color: #222222; \/* Color del t\u00edtulo principal *\/<br \/>            font-size: 2.5em; \/* Aumentamos el tama\u00f1o del t\u00edtulo principal *\/<br \/>            font-weight: bold; \/* Hacemos el t\u00edtulo principal m\u00e1s bold *\/<br \/>            margin-bottom: 20px; \/* A\u00f1adimos margen inferior para separarlo del contenido *\/<br \/>            \/* Ajustes adicionales para el t\u00edtulo principal (tama\u00f1o, margen, etc.) *\/<br \/>        }<\/p>\n<p>        .aviso-legal-section-titulo {<br \/>            color: #222222; \/* Color de los t\u00edtulos de secci\u00f3n *\/<br \/>            font-size: 1.8em; \/* Tama\u00f1o ligeramente menor para los t\u00edtulos de secci\u00f3n *\/<br \/>            font-weight: bold; \/* Mantenemos los t\u00edtulos de secci\u00f3n en bold tambi\u00e9n, o puedes cambiar a 'normal' si prefieres *\/<br \/>            margin-top: 25px; \/* A\u00f1adimos margen superior para separar secciones *\/<br \/>            margin-bottom: 10px; \/* A\u00f1adimos margen inferior para separar del texto de la secci\u00f3n *\/<br \/>            \/* Ajustes adicionales para los t\u00edtulos de secci\u00f3n *\/<br \/>        }<\/p>\n<p>        .aviso-legal-section-texto {<br \/>            \/* Ajustes para el texto de las secciones *\/<br \/>            font-size: 1em; \/* Tama\u00f1o base para el texto de la secci\u00f3n, puedes ajustarlo *\/<br \/>        }<\/p>\n<p>        .aviso-legal-section-texto strong {<br \/>            color: #FF6210; \/* Color para el texto en negrita\/strong *\/<br \/>        }<\/p>\n<p>        .aviso-legal-section-texto ul {<br \/>            padding-left: 20px; \/* Espaciado para listas *\/<br \/>        }<\/p>\n<p>        .aviso-legal-list-item {<br \/>            \/* Estilos para los items de lista si se necesitan *\/<br \/>        }<\/p>\n<p>        \/* **ESTILOS PARA LOS ENLACES** *\/<br \/>        .aviso-legal-container a,<br \/>        .politica-privacidad-container a { \/* Aplicamos estilos a los links en ambos contenedores *\/<br \/>            color: #007BFF; \/* Color azul est\u00e1ndar para enlaces - visible en blanco *\/<br \/>            text-decoration: none; \/* Quitamos la decoraci\u00f3n de subrayado por defecto *\/<br \/>        }<\/p>\n<p>        .aviso-legal-container a:hover,<br \/>        .politica-privacidad-container a:hover { \/* Estilo al pasar el rat\u00f3n por encima *\/<br \/>            color: #0056b3; \/* Un azul m\u00e1s oscuro para el hover *\/<br \/>            text-decoration: underline; \/* Volvemos a poner el subrayado en hover para feedback visual *\/<br \/>        }<\/p>\n<p>        .aviso-legal-container a:visited,<br \/>        .politica-privacidad-container a:visited { \/* Estilo para enlaces visitados (opcional) *\/<br \/>            color: #868e96; \/* Un gris m\u00e1s suave para enlaces visitados - opcional *\/<br \/>        }<br \/>        \/* **FIN DE ESTILOS PARA LOS ENLACES** *\/<\/p>\n<p>        \/* FIN: Estilos generales del aviso legal *\/<br \/>    <\/style><\/p><p><!-- FIN: Ajustes generales del contenedor del widget de aviso legal --><\/p><div class=\"aviso-legal-container\"><h1 class=\"widget-title aviso-legal-titulo\" style=\"text-align: center;\"><b>POL\u00cdTICA DE PRIVACIDAD<\/b><\/h1><p>\u00a0<\/p><section class=\"aviso-legal-section\"><h2><b>DERECHO DE INFORMACI\u00d3N<\/b><\/h2><div class=\"aviso-legal-section-texto\"><p>En base a la LOPDGDD y el RGPD esta pol\u00edtica tiene por finalidad informar sobre los tratamientos de datos personales efectuados por Sonia Correas Marin mediante la p\u00e1gina web.<\/p><\/div><\/section><section class=\"aviso-legal-section\"><h2 class=\"aviso-legal-section-titulo\"><b>RESPONSABLE DEL TRATAMIENTO DE SUS DATOS PERSONALES<\/b><\/h2><div class=\"aviso-legal-section-texto\"><p>Le informamos que la titularidad del dominio de la web www.lookalocker.com es de <b>Sonia Correas Marin<\/b>, domiciliada en la en C\/Bronce 25, 28045,\u00a0 Madrid, Espa\u00f1a, con DNI 03914737E, (en adelante el TITULAR).<\/p><p>El acceso y\/o uso del sitio web, le atribuye la condici\u00f3n de Usuario del mismo e implica la aceptaci\u00f3n, desde dicho acceso y\/o uso, de la presente Pol\u00edtica de Privacidad.<\/p>El Usuario podr\u00e1 contactarnos en la siguiente direcci\u00f3n de correo electr\u00f3nico: info@lookalocker.com.<br \/><br \/><\/div><\/section><section class=\"aviso-legal-section\"><h2 class=\"aviso-legal-section-titulo\"><b>FINALIDADES DEL TRATAMIENTO DE SUS DATOS PERSONALES<\/b><\/h2><div class=\"aviso-legal-section-texto\"><p>Los datos personales recabados mediante esta p\u00e1gina web, ser\u00e1n tratados con total confidencialidad para:<\/p><ul><li aria-level=\"1\">Los datos recabados por el mero acceso al sitio web se utilizan \u00fanicamente para gestionar el uso del sitio web.<\/li><\/ul><ul><li aria-level=\"1\">Responder a sus consultas a trav\u00e9s del formulario de contacto as\u00ed como enviar la informaci\u00f3n solicitada.\u00a0<\/li><\/ul><ul><li aria-level=\"1\">Gestionar la compra de los servicios y prestar los servicios ofrecidos.<\/li><\/ul><h2><b>LEGITIMACI\u00d3N\u00a0<\/b><\/h2><\/div><\/section><section class=\"aviso-legal-section\"><div class=\"aviso-legal-section-texto\"><p><b>Datos recabados por el mero acceso al sitio web<\/b>: la base jur\u00eddica del tratamiento es el inter\u00e9s legitimo del TITULAR para poder posibilitar la prestaci\u00f3n del sitio web y prestar por ende sus servicios.<\/p><p><b>Datos recabados en el formulario de contacto<\/b>: la base jur\u00eddica que legitima el tratamiento es el consentimiento del interesado el cual se ha prestado de manera expresa rellenando el formulario de contacto.<\/p><p><b>Datos recabados en el formulario de compra:<\/b> la base jur\u00eddica del tratamiento es la necesidad de gestionar la relaci\u00f3n contractual con el usuario y poder prestar los servicios contratados.<\/p><\/div><\/section><section class=\"aviso-legal-section\"><h2 class=\"aviso-legal-section-titulo\">PLAZOS O CRITERIOS DE CONSERVACI\u00d3N DE LOS DATOS<\/h2><div class=\"aviso-legal-section-texto\"><p>Los datos personales proporcionados se conservar\u00e1n por parte de Sonia Correas Mar\u00edn durante el tiempo necesario para cumplir con las finalidades para los que fueron recopilados inicialmente y mientras el Usuario no manifieste lo contrario. Posteriormente, los datos ser\u00e1n bloqueados y conservados durante el plazo legalmente establecido para atender a posibles responsabilidades derivadas del tratamiento de datos personales.<\/p><\/div><\/section><section class=\"aviso-legal-section\"><div class=\"aviso-legal-section-texto\"><h2><b>DECISIONES AUTOMATIZADAS Y ELABORACI\u00d3N DE PERFILES<\/b><\/h2><p>No se toman decisiones automatizadas ni se elaboran perfiles.<\/p><\/div><h2><b>DESTINATARIOS<\/b><\/h2><\/section><p>Sus datos podr\u00e1n ser cedidos a:\u00a0<\/p><ul><li aria-level=\"1\">Jueces y Tribunales.<\/li><li aria-level=\"1\">Fuerzas y Cuerpos de Seguridad del Estado.<\/li><li aria-level=\"1\">Autoridades u organismos p\u00fablicos competentes, en caso de obligaci\u00f3n legal.<\/li><\/ul><h2><b>INTERNATIONAL DATA TRANSFERS<\/b><\/h2><p>Pueden realizarse transferencias internacionales de datos mediante el uso de servicios de proveedores cuyos servidores pueden estar ubicados fuera del Espacio Econ\u00f3mico Europeo. En ese caso, el TITULAR se compromete a contratar proveedores que ofrecen un nivel de protecci\u00f3n equivalente al europeo mediante la aprobaci\u00f3n Cl\u00e1usulas Contractuales Tipo aprobadas por la Comisi\u00f3n. En caso de tratarse de transferencias internacionales a Estados Unidos, cuentan con el Marco de Privacidad de Datos UE-EE.UU. (EU-US Data Privacy Framework) garantiza a los particulares que sus datos personales se transmitan de forma segura a EE.UU. con un nivel de protecci\u00f3n equivalente al que confiere el\u00a0<a href=\"https:\/\/go.vlex.com\/vid\/843418428?fbt=webapp_preview&amp;addon_version=6.9\" target=\"_blank\" rel=\"noopener\">RGPD<\/a>.\u00a0<\/p><\/div><h2><b>COMUNICACIONES COMERCIALES<\/b><\/h2><p>El TITULAR informa que en caso de solicitar recibir comunicaciones comerciales marcando la correspondiente casilla en los formularios, las mismas ser\u00e1n enviadas mediante la herramienta Active Campaign cuyos servidores pueden estar ubicados fuera del Espacio Econ\u00f3mico Europeo. En ese caso, el proveedor ofrece un nivel de protecci\u00f3n equivalente al europeo mediante la aprobaci\u00f3n Cl\u00e1usulas Contractuales Tipo aprobadas por la Comisi\u00f3n. En caso de tratarse de transferencias internacionales a Estados Unidos, cuentan con el Marco de Privacidad de Datos UE-EE.UU. (EU-US Data Privacy Framework) garantiza a los particulares que sus datos personales se transmitan de forma segura a EE.UU. con un nivel de protecci\u00f3n equivalente al que confiere el\u00a0<a href=\"https:\/\/go.vlex.com\/vid\/843418428?fbt=webapp_preview&amp;addon_version=6.9\" target=\"_blank\" rel=\"noopener\">RGPD<\/a>.<\/p><h2><b>DERECHOS<\/b><\/h2><p>Podr\u00e1n ejercerse en cualquier momento y de forma gratuita los derechos de acceso, rectificaci\u00f3n, supresi\u00f3n, oposici\u00f3n, limitaci\u00f3n, portabilidad y revocaci\u00f3n de su consentimiento, y en su caso, cuando proceda, a no ser objeto de una decisi\u00f3n basada \u00fanicamente en un tratamiento automatizado, por correo postal o a la direcci\u00f3n de correo electr\u00f3nico: privacidad@lookalocker.com. Deber\u00e1 acreditar su identidad e identificarse como usuario de la p\u00e1gina web.\u00a0<\/p><p>En caso de que sienta vulnerados sus derechos en cuanto a protecci\u00f3n de datos, puede presentar una reclamaci\u00f3n ante la Agencia Espa\u00f1ola de Protecci\u00f3n de Datos (www.aepd.es).<\/p><h2><b>VERACIDAD DE LOS DATOS FACILITADOS<\/b><\/h2><p>El Usuario es responsable de la veracidad de sus datos personales y debe comunicar al TITULAR cualquier modificaci\u00f3n.<\/p><h2><b>REDES SOCIALES<\/b><\/h2><p>El interesado debe tener en cuenta que los datos recabados en las redes sociales como por ejemplo Instagram, pertenecer\u00e1n a las mismas. Por ende, el titular de la p\u00e1gina web no ser\u00e1 responsable del tratamiento de datos realizado en las mismas. Se recomienda que lea sus condiciones de uso y pol\u00edticas de privacidad.<\/p><h2><b>MODIFICATIONS<\/b><\/h2><p>El titular del sitio web se reserva el derecho de revisar su Pol\u00edtica de Privacidad en el momento que considere oportuno. Por esta raz\u00f3n, le rogamos que compruebe de forma regular esta Pol\u00edtica de Privacidad para leer la versi\u00f3n m\u00e1s reciente de la misma.<\/p><p>No obstante, cualquier cambio que se produzca se comunicar\u00e1 al Usuario.<\/p><p><!-- Cierre del contenedor interno aviso-legal-container --><\/p>\t\t\t\t\t\t\t\t<\/div>\n\t\t\t\t<\/div>\n\t\t\t\t\t<\/div>\n\t\t\t\t<\/div>\n\t\t\t\t<\/div>","protected":false},"excerpt":{"rendered":"<p>POL\u00cdTICA DE PRIVACIDAD \u00a0 DERECHO DE INFORMACI\u00d3N En base a la LOPDGDD y el RGPD esta pol\u00edtica tiene por finalidad informar sobre los tratamientos de datos personales efectuados por Sonia Correas Marin mediante la p\u00e1gina web. RESPONSABLE DEL TRATAMIENTO DE SUS DATOS PERSONALES Le informamos que la titularidad del dominio de la web www.lookalocker.com es [&hellip;]<\/p>","protected":false},"author":1,"featured_media":0,"parent":0,"menu_order":0,"comment_status":"closed","ping_status":"closed","template":"","meta":{"site-sidebar-layout":"no-sidebar","site-content-layout":"page-builder","ast-site-content-layout":"full-width-container","site-content-style":"default","site-sidebar-style":"default","ast-global-header-display":"","ast-banner-title-visibility":"","ast-main-header-display":"","ast-hfb-above-header-display":"","ast-hfb-below-header-display":"","ast-hfb-mobile-header-display":"","site-post-title":"disabled","ast-breadcrumbs-content":"","ast-featured-img":"disabled","footer-sml-layout":"","theme-transparent-header-meta":"","adv-header-id-meta":"","stick-header-meta":"","header-above-stick-meta":"","header-main-stick-meta":"","header-below-stick-meta":"","astra-migrate-meta-layouts":"set","ast-page-background-enabled":"default","ast-page-background-meta":{"desktop":{"background-color":"","background-image":"","background-repeat":"repeat","background-position":"center center","background-size":"auto","background-attachment":"scroll","background-type":"","background-media":"","overlay-type":"","overlay-color":"","overlay-opacity":"","overlay-gradient":""},"tablet":{"background-color":"","background-image":"","background-repeat":"repeat","background-position":"center center","background-size":"auto","background-attachment":"scroll","background-type":"","background-media":"","overlay-type":"","overlay-color":"","overlay-opacity":"","overlay-gradient":""},"mobile":{"background-color":"","background-image":"","background-repeat":"repeat","background-position":"center center","background-size":"auto","background-attachment":"scroll","background-type":"","background-media":"","overlay-type":"","overlay-color":"","overlay-opacity":"","overlay-gradient":""}},"ast-content-background-meta":{"desktop":{"background-color":"var(--ast-global-color-5)","background-image":"","background-repeat":"repeat","background-position":"center center","background-size":"auto","background-attachment":"scroll","background-type":"","background-media":"","overlay-type":"","overlay-color":"","overlay-opacity":"","overlay-gradient":""},"tablet":{"background-color":"var(--ast-global-color-5)","background-image":"","background-repeat":"repeat","background-position":"center center","background-size":"auto","background-attachment":"scroll","background-type":"","background-media":"","overlay-type":"","overlay-color":"","overlay-opacity":"","overlay-gradient":""},"mobile":{"background-color":"var(--ast-global-color-5)","background-image":"","background-repeat":"repeat","background-position":"center center","background-size":"auto","background-attachment":"scroll","background-type":"","background-media":"","overlay-type":"","overlay-color":"","overlay-opacity":"","overlay-gradient":""}},"_mbp_gutenberg_autopost":false,"footnotes":""},"class_list":["post-2837","page","type-page","status-publish","hentry"],"_links":{"self":[{"href":"https:\/\/lookalocker.com\/en\/wp-json\/wp\/v2\/pages\/2837","targetHints":{"allow":["GET"]}}],"collection":[{"href":"https:\/\/lookalocker.com\/en\/wp-json\/wp\/v2\/pages"}],"about":[{"href":"https:\/\/lookalocker.com\/en\/wp-json\/wp\/v2\/types\/page"}],"author":[{"embeddable":true,"href":"https:\/\/lookalocker.com\/en\/wp-json\/wp\/v2\/users\/1"}],"replies":[{"embeddable":true,"href":"https:\/\/lookalocker.com\/en\/wp-json\/wp\/v2\/comments?post=2837"}],"version-history":[{"count":0,"href":"https:\/\/lookalocker.com\/en\/wp-json\/wp\/v2\/pages\/2837\/revisions"}],"wp:attachment":[{"href":"https:\/\/lookalocker.com\/en\/wp-json\/wp\/v2\/media?parent=2837"}],"curies":[{"name":"wp","href":"https:\/\/api.w.org\/{rel}","templated":true}]}}