{"id":2770,"date":"2025-03-21T23:12:55","date_gmt":"2025-03-21T23:12:55","guid":{"rendered":"https:\/\/lookalocker.com\/?page_id=2770"},"modified":"2025-03-28T09:25:02","modified_gmt":"2025-03-28T09:25:02","slug":"avis-juridique","status":"publish","type":"page","link":"https:\/\/lookalocker.com\/fr\/avis-juridique\/","title":{"rendered":"Avis juridique"},"content":{"rendered":"<div data-elementor-type=\"wp-page\" data-elementor-id=\"2770\" class=\"elementor elementor-2770\" data-elementor-post-type=\"page\">\n\t\t\t\t<div class=\"elementor-element elementor-element-0169414 e-flex e-con-boxed e-con e-parent\" data-id=\"0169414\" data-element_type=\"container\" data-e-type=\"container\">\n\t\t\t\t\t<div class=\"e-con-inner\">\n\t\t\t\t<div class=\"elementor-element elementor-element-999ccae elementor-widget elementor-widget-text-editor\" data-id=\"999ccae\" data-element_type=\"widget\" data-e-type=\"widget\" data-widget_type=\"text-editor.default\">\n\t\t\t\t<div class=\"elementor-widget-container\">\n\t\t\t\t\t\t\t\t\t<main class=\"widget-content aviso-legal\"><br \/><!-- INICIO: Ajustes generales del contenedor del widget de aviso legal --><br \/><!-- Aqu\u00ed puedes a\u00f1adir estilos generales como padding, margin, background-color, etc. --><br \/><!-- Tambi\u00e9n puedes ajustar esto directamente en las opciones de estilo del widget en Gutenberg. --><\/main><p><style>\n        \/* Estilos generales del aviso legal - Hereda estilos de pol\u00edtica de privacidad y ajusta si es necesario *\/<br \/>        \/* Puedes modificar estos estilos para personalizar la apariencia dentro de Gutenberg *\/<br \/>        .widget-content.aviso-legal {<br \/>            background-color: #FEF1E400; \/* Color de fondo general (transparente ahora - #FEF1E4 para color) *\/<br \/>            color: #222222; \/* Color de texto principal *\/<br \/>            font-family: Poppins, sans-serif; \/* Tipograf\u00eda *\/<br \/>            line-height: 1.6; \/* Espaciado entre l\u00edneas *\/<br \/>            padding: 20px; \/* Espaciado interno *\/<br \/>            border-radius: 8px; \/* Bordes redondeados si se desea *\/<br \/>            width: 100%; \/* Asegura que el widget ocupe el ancho completo *\/<br \/>            display: flex; \/* Para centrar el contenido interno si es necesario *\/<br \/>            justify-content: center; \/* Para centrar el contenido interno horizontalmente *\/<br \/>        }<\/p>\n<p>        .aviso-legal-container { \/* Nuevo contenedor interno para aviso legal *\/<br \/>            background: white; \/* Fondo blanco para la caja de texto *\/<br \/>            padding: 20px;<br \/>            border-radius: 8px;<br \/>            box-shadow: 0 0 10px rgba(0, 0, 0, 0.1); \/* Sombra para la caja blanca *\/<br \/>            max-width: 800px; \/* Ancho m\u00e1ximo del contenido interno (ajusta si quieres m\u00e1s ancho) *\/<br \/>            width: 100%; \/* Asegura que el contenedor interno ocupe el ancho disponible dentro del widget *\/<br \/>        }<\/p>\n<p>        .aviso-legal-titulo {<br \/>            color: #222222; \/* Color del t\u00edtulo principal *\/<br \/>            font-size: 2.5em; \/* Aumentamos el tama\u00f1o del t\u00edtulo principal *\/<br \/>            font-weight: bold; \/* Hacemos el t\u00edtulo principal m\u00e1s bold *\/<br \/>            margin-bottom: 20px; \/* A\u00f1adimos margen inferior para separarlo del contenido *\/<br \/>            \/* Ajustes adicionales para el t\u00edtulo principal (tama\u00f1o, margen, etc.) *\/<br \/>        }<\/p>\n<p>        .aviso-legal-section-titulo {<br \/>            color: #222222; \/* Color de los t\u00edtulos de secci\u00f3n *\/<br \/>            font-size: 1.8em; \/* Tama\u00f1o ligeramente menor para los t\u00edtulos de secci\u00f3n *\/<br \/>            font-weight: bold; \/* Mantenemos los t\u00edtulos de secci\u00f3n en bold tambi\u00e9n, o puedes cambiar a 'normal' si prefieres *\/<br \/>            margin-top: 25px; \/* A\u00f1adimos margen superior para separar secciones *\/<br \/>            margin-bottom: 10px; \/* A\u00f1adimos margen inferior para separar del texto de la secci\u00f3n *\/<br \/>            \/* Ajustes adicionales para los t\u00edtulos de secci\u00f3n *\/<br \/>        }<\/p>\n<p>        .aviso-legal-section-texto {<br \/>            \/* Ajustes para el texto de las secciones *\/<br \/>            font-size: 1em; \/* Tama\u00f1o base para el texto de la secci\u00f3n, puedes ajustarlo *\/<br \/>        }<\/p>\n<p>        .aviso-legal-section-texto strong {<br \/>            color: #FF6210; \/* Color para el texto en negrita\/strong *\/<br \/>        }<\/p>\n<p>        .aviso-legal-section-texto ul {<br \/>            padding-left: 20px; \/* Espaciado para listas *\/<br \/>        }<\/p>\n<p>        .aviso-legal-list-item {<br \/>            \/* Estilos para los items de lista si se necesitan *\/<br \/>        }<\/p>\n<p>        \/* **ESTILOS PARA LOS ENLACES** *\/<br \/>        .aviso-legal-container a,<br \/>        .politica-privacidad-container a { \/* Aplicamos estilos a los links en ambos contenedores *\/<br \/>            color: #007BFF; \/* Color azul est\u00e1ndar para enlaces - visible en blanco *\/<br \/>            text-decoration: none; \/* Quitamos la decoraci\u00f3n de subrayado por defecto *\/<br \/>        }<\/p>\n<p>        .aviso-legal-container a:hover,<br \/>        .politica-privacidad-container a:hover { \/* Estilo al pasar el rat\u00f3n por encima *\/<br \/>            color: #0056b3; \/* Un azul m\u00e1s oscuro para el hover *\/<br \/>            text-decoration: underline; \/* Volvemos a poner el subrayado en hover para feedback visual *\/<br \/>        }<\/p>\n<p>        .aviso-legal-container a:visited,<br \/>        .politica-privacidad-container a:visited { \/* Estilo para enlaces visitados (opcional) *\/<br \/>            color: #868e96; \/* Un gris m\u00e1s suave para enlaces visitados - opcional *\/<br \/>        }<br \/>        \/* **FIN DE ESTILOS PARA LOS ENLACES** *\/<\/p>\n<p>        \/* FIN: Estilos generales del aviso legal *\/<br \/>    <\/style><\/p><p><!-- FIN: Ajustes generales del contenedor del widget de aviso legal --><\/p><div class=\"aviso-legal-container\"><p><!-- Nuevo contenedor interno con fondo blanco --><\/p><h1 class=\"widget-title aviso-legal-titulo\" style=\"text-align: center;\">AVIS JURIDIQUE<\/h1><p><!-- Ajustes para el t\u00edtulo principal del aviso legal --><br \/><!-- Puedes cambiar la tipograf\u00eda, tama\u00f1o, color, margen inferior, etc. --><\/p><section class=\"aviso-legal-section\"><h2 class=\"aviso-legal-section-titulo\">RESPONSABLE DU SITE WEB<\/h2><p><!-- Ajustes para el estilo de los t\u00edtulos de secci\u00f3n --><br \/><!-- Color de texto, tama\u00f1o de fuente, peso de la fuente, margen inferior, etc. --><\/p><div class=\"aviso-legal-section-texto\"><p><!-- Ajustes para el estilo del texto de secci\u00f3n --><br \/><!-- Color de texto, tama\u00f1o de fuente, margen inferior, etc. --><\/p><p>Conform\u00e9ment aux dispositions de la loi 34\/2002, du 11 juillet, relative aux services de la soci\u00e9t\u00e9 de l'information et au commerce \u00e9lectronique, nous vous informons que vous \u00eates en train de visiter le site web https:\/\/www.lookalocker.com, (ci-apr\u00e8s \"site web\"), propri\u00e9t\u00e9 de Sonia Correas Mar\u00edn, dont le si\u00e8ge social est situ\u00e9 C\/Bronce 25, 28045, Madrid, Espagne, avec le DNI 03914737E, (ci-apr\u00e8s, le PROPRI\u00c9TAIRE).<\/p><p><strong>Coordonn\u00e9es de la personne \u00e0 contacter :<\/strong><\/p><ul><li class=\"aviso-legal-list-item\"><strong>T\u00e9l\u00e9phone :<\/strong> +34 623939679<\/li><li class=\"aviso-legal-list-item\"><strong>E-mail :<\/strong> <a href=\"mailto:info@lookalocker.com\">info@lookalocker.com<\/a>.<\/li><\/ul><\/div><\/section><section class=\"aviso-legal-section\"><h2 class=\"aviso-legal-section-titulo\">UTILISATEURS<\/h2><div class=\"aviso-legal-section-texto\"><p>En acc\u00e9dant \u00e0 ce site web et en l'utilisant, vous acqu\u00e9rez le statut d'UTILISATEUR, ce qui implique l'acceptation totale et sans r\u00e9serve de toutes les dispositions \u00e9nonc\u00e9es dans le pr\u00e9sent avis juridique. Par le biais de ce document, nous vous informons des conditions d'acc\u00e8s et d'utilisation des sites web du Titulaire, ainsi que des services et contenus qui y sont li\u00e9s (ci-apr\u00e8s, \"le site\").<\/p><p>Nous vous recommandons de consulter les textes l\u00e9gaux du site chaque fois que vous souhaitez l'utiliser, ce qui rel\u00e8ve de votre responsabilit\u00e9.<\/p><p>En outre, le PROPRI\u00c9TAIRE se r\u00e9serve le droit de suspendre, d'interrompre ou de cesser d'exploiter le site web \u00e0 tout moment.<\/p><\/div><\/section><section class=\"aviso-legal-section\"><h2 class=\"aviso-legal-section-titulo\">CONDITIONS D'UTILISATION DU SITE WEB<\/h2><div class=\"aviso-legal-section-texto\"><p>Ce site web permet d'acc\u00e9der \u00e0 des informations, des services, des programmes ou des donn\u00e9es (ci-apr\u00e8s, \"le contenu\") sur l'internet appartenant au propri\u00e9taire. L'utilisateur est enti\u00e8rement responsable de l'utilisation du portail.<\/p><p>L'utilisateur s'engage \u00e0 faire un usage appropri\u00e9 des contenus et des services offerts par le propri\u00e9taire sur son site web et, \u00e0 titre d'exemple, mais sans s'y limiter, \u00e0 ne pas les utiliser pour :<\/p><ul><li class=\"aviso-legal-list-item\">Se livrer \u00e0 des activit\u00e9s illicites, ill\u00e9gales ou contraires \u00e0 la bonne foi et \u00e0 l'ordre public.<\/li><li class=\"aviso-legal-list-item\">Diffuser des contenus ou de la propagande qui violent les droits de l'homme.<\/li><li class=\"aviso-legal-list-item\">Se livrer \u00e0 des activit\u00e9s nuisibles qui perturbent l'utilisation efficace du site web.<\/li><li class=\"aviso-legal-list-item\">causer des dommages aux syst\u00e8mes physiques et logiques du Titulaire, de ses fournisseurs ou de tiers, introduire ou diffuser des virus informatiques ou tout autre syst\u00e8me physique ou logique susceptible de causer les dommages susmentionn\u00e9s.<\/li><li class=\"aviso-legal-list-item\">L'utilisation du site et des informations qu'il contient \u00e0 des fins commerciales, politiques, publicitaires ou pour tout autre usage commercial, ainsi que l'envoi de courriers \u00e9lectroniques non sollicit\u00e9s.<\/li><\/ul><\/div><\/section><section class=\"aviso-legal-section\"><h2 class=\"aviso-legal-section-titulo\">DROITS DE PROPRI\u00c9T\u00c9 INTELLECTUELLE ET INDUSTRIELLE<\/h2><div class=\"aviso-legal-section-texto\"><p>Tous les droits de propri\u00e9t\u00e9 intellectuelle et industrielle sur les contenus de ce site Web, y compris la conception graphique, les images, les signes, les signes distinctifs, le nom, le logo, le code source et les services, sont la propri\u00e9t\u00e9 exclusive de Sonia Correas Mar\u00edn ou de tiers ayant autoris\u00e9 leur utilisation. Conform\u00e9ment \u00e0 la r\u00e9glementation en vigueur, Sonia Correas Mar\u00edn se r\u00e9serve l'exercice exclusif des droits d'exploitation de ces \u00e9l\u00e9ments, sans accorder de licence ou d'autorisation pour leur utilisation, sauf indication contraire expresse.<\/p><p>La reproduction et le stockage temporaire du contenu du site Web ne sont autoris\u00e9s que s'ils sont strictement n\u00e9cessaires \u00e0 l'utilisation et \u00e0 la visualisation \u00e0 partir d'un appareil personnel. La reproduction, la distribution, la modification ou l'utilisation \u00e0 des fins commerciales ou publicitaires sont interdites sans l'autorisation expresse du propri\u00e9taire ou lorsque la loi le permet. De m\u00eame, il est interdit de tenter d'obtenir les contenus par des moyens autres que ceux fournis sur le site web.<\/p><\/div><\/section><section class=\"aviso-legal-section\"><h2 class=\"aviso-legal-section-titulo\">EXCLUSION DES GARANTIES ET DE LA RESPONSABILIT\u00c9<\/h2><div class=\"aviso-legal-section-texto\"><p>L'utilisation du contenu de ce site web se fait aux risques et p\u00e9rils de l'utilisateur. Ainsi, \u00e0 titre d'exemple, le propri\u00e9taire n'assume aucune responsabilit\u00e9 pour :<\/p><ul><li class=\"aviso-legal-list-item\">la disponibilit\u00e9 du fonctionnement du site web, de ses services et de son contenu, ainsi que sa qualit\u00e9 ou son interop\u00e9rabilit\u00e9.<\/li><li class=\"aviso-legal-list-item\">La raison pour laquelle le site web sert les objectifs de l'utilisateur.<\/li><li class=\"aviso-legal-list-item\">Violation de la l\u00e9gislation en vigueur par l'utilisateur ou des tiers et, en particulier, des droits de propri\u00e9t\u00e9 intellectuelle et industrielle d\u00e9tenus par d'autres personnes ou entit\u00e9s.<\/li><li class=\"aviso-legal-list-item\">l'existence de codes malveillants ou de tout autre \u00e9l\u00e9ment informatique nuisible susceptible d'endommager le syst\u00e8me informatique de l'utilisateur ou celui de tiers. Il incombe \u00e0 l'utilisateur, en tout \u00e9tat de cause, de disposer d'outils ad\u00e9quats pour la d\u00e9tection et la d\u00e9sinfection de ces \u00e9l\u00e9ments.<\/li><li class=\"aviso-legal-list-item\">l'acc\u00e8s frauduleux aux contenus ou aux services par des tiers non autoris\u00e9s ou, le cas \u00e9ch\u00e9ant, la capture, l'\u00e9limination, l'alt\u00e9ration, la modification ou la manipulation de messages et de communications de toute nature que ces tiers pourraient effectuer.<\/li><li class=\"aviso-legal-list-item\">Les dommages caus\u00e9s aux \u00e9quipements informatiques lors de l'acc\u00e8s au site web et les dommages caus\u00e9s aux utilisateurs \u00e0 la suite de pannes ou de d\u00e9connexions des r\u00e9seaux de t\u00e9l\u00e9communications qui interrompent le service.<\/li><li class=\"aviso-legal-list-item\">Les dommages ou pertes r\u00e9sultant de circonstances impr\u00e9visibles ou de force majeure.<\/li><\/ul><\/div><\/section><section class=\"aviso-legal-section\"><h2 class=\"aviso-legal-section-titulo\">MODIFICATIONS ET DUR\u00c9E<\/h2><div class=\"aviso-legal-section-texto\"><p>Le propri\u00e9taire du site se r\u00e9serve le droit de supprimer, d'ajouter ou de modifier les contenus et les services qu'il fournit. Les conditions publi\u00e9es au moment o\u00f9 l'utilisateur acc\u00e8de au site sont r\u00e9put\u00e9es \u00eatre en vigueur. <a href=\"mailto:info@lookalocker.com\">info@lookalocker.com<\/a>.<\/p><p>Le pr\u00e9sent avis juridique a une dur\u00e9e ind\u00e9termin\u00e9e et restera en vigueur jusqu'\u00e0 ce qu'il soit modifi\u00e9. Par cons\u00e9quent, des modifications peuvent \u00eatre apport\u00e9es aux conditions sp\u00e9cifi\u00e9es dans le pr\u00e9sent avis. Celles-ci entreront en vigueur au moment de leur publication.<\/p><p>L'acc\u00e8s et\/ou l'utilisation du site web s'entendent comme l'acceptation par l'utilisateur du pr\u00e9sent avis juridique et de ses conditions et, le cas \u00e9ch\u00e9ant, des modifications qui y sont apport\u00e9es.<\/p><p>De m\u00eame, lorsque vous contractez notre service, vous devez accepter, avant le paiement, les conditions du contrat qui r\u00e9gissent les conditions du service que vous contractez.<\/p><\/div><\/section><section class=\"aviso-legal-section\"><h2 class=\"aviso-legal-section-titulo\">LIENS HYPERTEXTES<\/h2><div class=\"aviso-legal-section-texto\"><p>Le site web du propri\u00e9taire peut contenir des liens vers les sites web de soci\u00e9t\u00e9s et d'entit\u00e9s tierces. Nous vous conseillons de lire la politique de confidentialit\u00e9 de ces sites web qui n'appartiennent pas au propri\u00e9taire et pour lesquels ce dernier n'est pas responsable.<\/p><\/div><\/section><section class=\"aviso-legal-section\"><h2 class=\"aviso-legal-section-titulo\">DROITS D'EXCLUSION<\/h2><div class=\"aviso-legal-section-texto\"><p>Le propri\u00e9taire se r\u00e9serve le droit de refuser ou de retirer l'acc\u00e8s au portail et\/ou aux services offerts sans avertissement pr\u00e9alable, \u00e0 sa propre demande ou \u00e0 la demande d'un tiers, aux utilisateurs qui ne respectent pas le contenu de cet avis juridique.<\/p><\/div><\/section><section class=\"aviso-legal-section\"><h2 class=\"aviso-legal-section-titulo\">G\u00c9N\u00c9RALIT\u00c9S<\/h2><div class=\"aviso-legal-section-texto\"><p>Toute violation des conditions d'utilisation ou utilisation abusive fera l'objet de poursuites. Toutes les actions civiles et p\u00e9nales pouvant vous correspondre en vertu de la loi seront exerc\u00e9es.<\/p><\/div><\/section><section class=\"aviso-legal-section\"><h2 class=\"aviso-legal-section-titulo\">DROIT APPLICABLE ET JURIDICTION<\/h2><div class=\"aviso-legal-section-texto\"><p>Toutes les questions pouvant d\u00e9couler de l'acc\u00e8s et\/ou de l'utilisation de ce site web sont r\u00e9gies et interpr\u00e9t\u00e9es conform\u00e9ment \u00e0 la l\u00e9gislation espagnole et tout litige sera soumis aux Cours et Tribunaux de Madrid.<\/p><\/div><\/section><section class=\"aviso-legal-section\"><h2 class=\"aviso-legal-section-titulo\">MINEURS<\/h2><div class=\"aviso-legal-section-texto\"><p>Les services de ce site web sont destin\u00e9s aux utilisateurs de plus de 16 ans.<\/p><\/div><\/section><section class=\"aviso-legal-section\"><h2 class=\"aviso-legal-section-titulo\">MESURES DE S\u00c9CURIT\u00c9 - SSL<\/h2><div class=\"aviso-legal-section-texto\"><p>Un certificat SSL (\"Secure Sockets Layer\") est en place pour prot\u00e9ger les informations personnelles et les donn\u00e9es qui peuvent \u00eatre trait\u00e9es sur le site web.<\/p><\/div><\/section><p><!-- FIN: Secci\u00f3n de aviso legal. Puedes a\u00f1adir m\u00e1s secciones si es necesario. --><\/p><\/div><p><!-- Cierre del contenedor interno aviso-legal-container --><\/p>\t\t\t\t\t\t\t\t<\/div>\n\t\t\t\t<\/div>\n\t\t\t\t\t<\/div>\n\t\t\t\t<\/div>\n\t\t\t\t<\/div>","protected":false},"excerpt":{"rendered":"<p>AVISO LEGAL RESPONSABLE DEL SITIO WEB En base a lo establecido en Ley 34\/2002, de 11 de julio, de servicios de la sociedad de la informaci\u00f3n y de comercio electr\u00f3nico, se informa que est\u00e1 visitando la p\u00e1gina web https:\/\/www.lookalocker.com, (en adelante \u201csitio Web\u201d), titularidad de Sonia Correas Mar\u00edn, con domicilio social en C\/Bronce 25, 28045, [&hellip;]<\/p>","protected":false},"author":3,"featured_media":0,"parent":0,"menu_order":0,"comment_status":"closed","ping_status":"closed","template":"","meta":{"site-sidebar-layout":"no-sidebar","site-content-layout":"page-builder","ast-site-content-layout":"full-width-container","site-content-style":"default","site-sidebar-style":"default","ast-global-header-display":"","ast-banner-title-visibility":"","ast-main-header-display":"","ast-hfb-above-header-display":"","ast-hfb-below-header-display":"","ast-hfb-mobile-header-display":"","site-post-title":"disabled","ast-breadcrumbs-content":"","ast-featured-img":"disabled","footer-sml-layout":"","theme-transparent-header-meta":"","adv-header-id-meta":"","stick-header-meta":"","header-above-stick-meta":"","header-main-stick-meta":"","header-below-stick-meta":"","astra-migrate-meta-layouts":"set","ast-page-background-enabled":"default","ast-page-background-meta":{"desktop":{"background-color":"","background-image":"","background-repeat":"repeat","background-position":"center center","background-size":"auto","background-attachment":"scroll","background-type":"","background-media":"","overlay-type":"","overlay-color":"","overlay-opacity":"","overlay-gradient":""},"tablet":{"background-color":"","background-image":"","background-repeat":"repeat","background-position":"center center","background-size":"auto","background-attachment":"scroll","background-type":"","background-media":"","overlay-type":"","overlay-color":"","overlay-opacity":"","overlay-gradient":""},"mobile":{"background-color":"","background-image":"","background-repeat":"repeat","background-position":"center center","background-size":"auto","background-attachment":"scroll","background-type":"","background-media":"","overlay-type":"","overlay-color":"","overlay-opacity":"","overlay-gradient":""}},"ast-content-background-meta":{"desktop":{"background-color":"var(--ast-global-color-5)","background-image":"","background-repeat":"repeat","background-position":"center center","background-size":"auto","background-attachment":"scroll","background-type":"","background-media":"","overlay-type":"","overlay-color":"","overlay-opacity":"","overlay-gradient":""},"tablet":{"background-color":"var(--ast-global-color-5)","background-image":"","background-repeat":"repeat","background-position":"center center","background-size":"auto","background-attachment":"scroll","background-type":"","background-media":"","overlay-type":"","overlay-color":"","overlay-opacity":"","overlay-gradient":""},"mobile":{"background-color":"var(--ast-global-color-5)","background-image":"","background-repeat":"repeat","background-position":"center center","background-size":"auto","background-attachment":"scroll","background-type":"","background-media":"","overlay-type":"","overlay-color":"","overlay-opacity":"","overlay-gradient":""}},"_mbp_gutenberg_autopost":false,"footnotes":""},"class_list":["post-2770","page","type-page","status-publish","hentry"],"_links":{"self":[{"href":"https:\/\/lookalocker.com\/fr\/wp-json\/wp\/v2\/pages\/2770","targetHints":{"allow":["GET"]}}],"collection":[{"href":"https:\/\/lookalocker.com\/fr\/wp-json\/wp\/v2\/pages"}],"about":[{"href":"https:\/\/lookalocker.com\/fr\/wp-json\/wp\/v2\/types\/page"}],"author":[{"embeddable":true,"href":"https:\/\/lookalocker.com\/fr\/wp-json\/wp\/v2\/users\/3"}],"replies":[{"embeddable":true,"href":"https:\/\/lookalocker.com\/fr\/wp-json\/wp\/v2\/comments?post=2770"}],"version-history":[{"count":0,"href":"https:\/\/lookalocker.com\/fr\/wp-json\/wp\/v2\/pages\/2770\/revisions"}],"wp:attachment":[{"href":"https:\/\/lookalocker.com\/fr\/wp-json\/wp\/v2\/media?parent=2770"}],"curies":[{"name":"wp","href":"https:\/\/api.w.org\/{rel}","templated":true}]}}