{"id":2837,"date":"2025-03-27T15:26:16","date_gmt":"2025-03-27T15:26:16","guid":{"rendered":"https:\/\/lookalocker.com\/?page_id=2837"},"modified":"2025-03-28T09:25:21","modified_gmt":"2025-03-28T09:25:21","slug":"politique-de-confidentialite","status":"publish","type":"page","link":"https:\/\/lookalocker.com\/fr\/politique-de-confidentialite\/","title":{"rendered":"Politique de confidentialit\u00e9"},"content":{"rendered":"<div data-elementor-type=\"wp-page\" data-elementor-id=\"2837\" class=\"elementor elementor-2837\" data-elementor-post-type=\"page\">\n\t\t\t\t<div class=\"elementor-element elementor-element-0169414 e-flex e-con-boxed e-con e-parent\" data-id=\"0169414\" data-element_type=\"container\" data-e-type=\"container\">\n\t\t\t\t\t<div class=\"e-con-inner\">\n\t\t\t\t<div class=\"elementor-element elementor-element-999ccae elementor-widget elementor-widget-text-editor\" data-id=\"999ccae\" data-element_type=\"widget\" data-e-type=\"widget\" data-widget_type=\"text-editor.default\">\n\t\t\t\t<div class=\"elementor-widget-container\">\n\t\t\t\t\t\t\t\t\t<main class=\"widget-content aviso-legal\"><br \/><!-- INICIO: Ajustes generales del contenedor del widget de aviso legal --><br \/><!-- Aqu\u00ed puedes a\u00f1adir estilos generales como padding, margin, background-color, etc. --><br \/><!-- Tambi\u00e9n puedes ajustar esto directamente en las opciones de estilo del widget en Gutenberg. --><\/main><p><style>\n        \/* Estilos generales del aviso legal - Hereda estilos de pol\u00edtica de privacidad y ajusta si es necesario *\/<br \/>        \/* Puedes modificar estos estilos para personalizar la apariencia dentro de Gutenberg *\/<br \/>        .widget-content.aviso-legal {<br \/>            background-color: #FEF1E400; \/* Color de fondo general (transparente ahora - #FEF1E4 para color) *\/<br \/>            color: #222222; \/* Color de texto principal *\/<br \/>            font-family: Poppins, sans-serif; \/* Tipograf\u00eda *\/<br \/>            line-height: 1.6; \/* Espaciado entre l\u00edneas *\/<br \/>            padding: 20px; \/* Espaciado interno *\/<br \/>            border-radius: 8px; \/* Bordes redondeados si se desea *\/<br \/>            width: 100%; \/* Asegura que el widget ocupe el ancho completo *\/<br \/>            display: flex; \/* Para centrar el contenido interno si es necesario *\/<br \/>            justify-content: center; \/* Para centrar el contenido interno horizontalmente *\/<br \/>        }<\/p>\n<p>        .aviso-legal-container { \/* Nuevo contenedor interno para aviso legal *\/<br \/>            background: white; \/* Fondo blanco para la caja de texto *\/<br \/>            padding: 20px;<br \/>            border-radius: 8px;<br \/>            box-shadow: 0 0 10px rgba(0, 0, 0, 0.1); \/* Sombra para la caja blanca *\/<br \/>            max-width: 800px; \/* Ancho m\u00e1ximo del contenido interno (ajusta si quieres m\u00e1s ancho) *\/<br \/>            width: 100%; \/* Asegura que el contenedor interno ocupe el ancho disponible dentro del widget *\/<br \/>        }<\/p>\n<p>        .aviso-legal-titulo {<br \/>            color: #222222; \/* Color del t\u00edtulo principal *\/<br \/>            font-size: 2.5em; \/* Aumentamos el tama\u00f1o del t\u00edtulo principal *\/<br \/>            font-weight: bold; \/* Hacemos el t\u00edtulo principal m\u00e1s bold *\/<br \/>            margin-bottom: 20px; \/* A\u00f1adimos margen inferior para separarlo del contenido *\/<br \/>            \/* Ajustes adicionales para el t\u00edtulo principal (tama\u00f1o, margen, etc.) *\/<br \/>        }<\/p>\n<p>        .aviso-legal-section-titulo {<br \/>            color: #222222; \/* Color de los t\u00edtulos de secci\u00f3n *\/<br \/>            font-size: 1.8em; \/* Tama\u00f1o ligeramente menor para los t\u00edtulos de secci\u00f3n *\/<br \/>            font-weight: bold; \/* Mantenemos los t\u00edtulos de secci\u00f3n en bold tambi\u00e9n, o puedes cambiar a 'normal' si prefieres *\/<br \/>            margin-top: 25px; \/* A\u00f1adimos margen superior para separar secciones *\/<br \/>            margin-bottom: 10px; \/* A\u00f1adimos margen inferior para separar del texto de la secci\u00f3n *\/<br \/>            \/* Ajustes adicionales para los t\u00edtulos de secci\u00f3n *\/<br \/>        }<\/p>\n<p>        .aviso-legal-section-texto {<br \/>            \/* Ajustes para el texto de las secciones *\/<br \/>            font-size: 1em; \/* Tama\u00f1o base para el texto de la secci\u00f3n, puedes ajustarlo *\/<br \/>        }<\/p>\n<p>        .aviso-legal-section-texto strong {<br \/>            color: #FF6210; \/* Color para el texto en negrita\/strong *\/<br \/>        }<\/p>\n<p>        .aviso-legal-section-texto ul {<br \/>            padding-left: 20px; \/* Espaciado para listas *\/<br \/>        }<\/p>\n<p>        .aviso-legal-list-item {<br \/>            \/* Estilos para los items de lista si se necesitan *\/<br \/>        }<\/p>\n<p>        \/* **ESTILOS PARA LOS ENLACES** *\/<br \/>        .aviso-legal-container a,<br \/>        .politica-privacidad-container a { \/* Aplicamos estilos a los links en ambos contenedores *\/<br \/>            color: #007BFF; \/* Color azul est\u00e1ndar para enlaces - visible en blanco *\/<br \/>            text-decoration: none; \/* Quitamos la decoraci\u00f3n de subrayado por defecto *\/<br \/>        }<\/p>\n<p>        .aviso-legal-container a:hover,<br \/>        .politica-privacidad-container a:hover { \/* Estilo al pasar el rat\u00f3n por encima *\/<br \/>            color: #0056b3; \/* Un azul m\u00e1s oscuro para el hover *\/<br \/>            text-decoration: underline; \/* Volvemos a poner el subrayado en hover para feedback visual *\/<br \/>        }<\/p>\n<p>        .aviso-legal-container a:visited,<br \/>        .politica-privacidad-container a:visited { \/* Estilo para enlaces visitados (opcional) *\/<br \/>            color: #868e96; \/* Un gris m\u00e1s suave para enlaces visitados - opcional *\/<br \/>        }<br \/>        \/* **FIN DE ESTILOS PARA LOS ENLACES** *\/<\/p>\n<p>        \/* FIN: Estilos generales del aviso legal *\/<br \/>    <\/style><\/p><p><!-- FIN: Ajustes generales del contenedor del widget de aviso legal --><\/p><div class=\"aviso-legal-container\"><h1 class=\"widget-title aviso-legal-titulo\" style=\"text-align: center;\"><b>POLITIQUE DE CONFIDENTIALIT\u00c9<\/b><\/h1><p>\u00a0<\/p><section class=\"aviso-legal-section\"><h2><b>DROIT \u00c0 L'INFORMATION<\/b><\/h2><div class=\"aviso-legal-section-texto\"><p>Conform\u00e9ment \u00e0 la LOPDGDD et au RGPD, cette politique a pour but d'informer sur le traitement des donn\u00e9es personnelles effectu\u00e9 par Sonia Correas Marin \u00e0 travers le site web.<\/p><\/div><\/section><section class=\"aviso-legal-section\"><h2 class=\"aviso-legal-section-titulo\"><b>RESPONSABLE DU TRAITEMENT DE VOS DONN\u00c9ES PERSONNELLES<\/b><\/h2><div class=\"aviso-legal-section-texto\"><p>Nous vous informons que la propri\u00e9t\u00e9 du domaine du site www.lookalocker.com appartient \u00e0 <b>Sonia Correas Marin<\/b>domicili\u00e9 \u00e0 C\/Bronce 25, 28045, Madrid, Espagne, avec DNI 03914737E, (ci-apr\u00e8s le PROPRI\u00c9TAIRE).<\/p><p>L'acc\u00e8s et\/ou l'utilisation du site web conf\u00e8re la condition d'utilisateur de ce dernier et implique l'acceptation, \u00e0 partir de cet acc\u00e8s et\/ou de cette utilisation, de la pr\u00e9sente politique de confidentialit\u00e9.<\/p>L'utilisateur peut nous contacter \u00e0 l'adresse \u00e9lectronique suivante : info@lookalocker.com.<br \/><br \/><\/div><\/section><section class=\"aviso-legal-section\"><h2 class=\"aviso-legal-section-titulo\"><b>LES FINALIT\u00c9S DU TRAITEMENT DE VOS DONN\u00c9ES PERSONNELLES<\/b><\/h2><div class=\"aviso-legal-section-texto\"><p>Les donn\u00e9es personnelles collect\u00e9es par le biais de ce site web seront trait\u00e9es en toute confidentialit\u00e9 :<\/p><ul><li aria-level=\"1\">Les donn\u00e9es collect\u00e9es lors d'un simple acc\u00e8s au site web ne sont utilis\u00e9es que pour g\u00e9rer l'utilisation du site web.<\/li><\/ul><ul><li aria-level=\"1\">R\u00e9pondre \u00e0 vos questions via le formulaire de contact et envoyer les informations demand\u00e9es.\u00a0<\/li><\/ul><ul><li aria-level=\"1\">G\u00e9rer l'achat de services et fournir les services offerts.<\/li><\/ul><h2><b>L\u00c9GITIMIT\u00c9\u00a0<\/b><\/h2><\/div><\/section><section class=\"aviso-legal-section\"><div class=\"aviso-legal-section-texto\"><p><b>Donn\u00e9es collect\u00e9es lors d'un simple acc\u00e8s au site web<\/b>La base juridique du traitement est l'int\u00e9r\u00eat l\u00e9gitime du PROPRI\u00c9TAIRE \u00e0 permettre la mise \u00e0 disposition du site web et donc \u00e0 fournir ses services.<\/p><p><b>Donn\u00e9es collect\u00e9es dans le formulaire de contact<\/b>La base juridique qui l\u00e9gitime le traitement est le consentement de la personne concern\u00e9e qui a \u00e9t\u00e9 express\u00e9ment donn\u00e9 en remplissant le formulaire de contact.<\/p><p><b>Donn\u00e9es collect\u00e9es dans le formulaire d'achat :<\/b> la base juridique du traitement est la n\u00e9cessit\u00e9 de g\u00e9rer la relation contractuelle avec l'utilisateur et de pouvoir fournir les services pr\u00e9vus par le contrat.<\/p><\/div><\/section><section class=\"aviso-legal-section\"><h2 class=\"aviso-legal-section-titulo\">LES D\u00c9LAIS OU LES CRIT\u00c8RES DE CONSERVATION DES DONN\u00c9ES<\/h2><div class=\"aviso-legal-section-texto\"><p>Les donn\u00e9es personnelles fournies seront conserv\u00e9es par Sonia Correas Mar\u00edn pendant le temps n\u00e9cessaire \u00e0 la r\u00e9alisation des objectifs pour lesquels elles ont \u00e9t\u00e9 initialement collect\u00e9es et tant que l'utilisateur ne s'y oppose pas. Par la suite, les donn\u00e9es seront bloqu\u00e9es et conserv\u00e9es pendant la p\u00e9riode l\u00e9galement \u00e9tablie afin de faire face aux \u00e9ventuelles responsabilit\u00e9s d\u00e9coulant du traitement des donn\u00e9es personnelles.<\/p><\/div><\/section><section class=\"aviso-legal-section\"><div class=\"aviso-legal-section-texto\"><h2><b>D\u00c9CISIONS AUTOMATIS\u00c9ES ET PROFILAGE<\/b><\/h2><p>Il n'y a pas de prise de d\u00e9cision automatis\u00e9e ni de profilage.<\/p><\/div><h2><b>CIBLE<\/b><\/h2><\/section><p>Vos donn\u00e9es peuvent \u00eatre divulgu\u00e9es \u00e0 :\u00a0<\/p><ul><li aria-level=\"1\">Juges et tribunaux.<\/li><li aria-level=\"1\">Forces et corps de s\u00e9curit\u00e9 de l'\u00c9tat.<\/li><li aria-level=\"1\">Les autorit\u00e9s ou organismes publics comp\u00e9tents, en cas d'obligation l\u00e9gale.<\/li><\/ul><h2><b>TRANSFERTS INTERNATIONAUX DE DONN\u00c9ES<\/b><\/h2><p>Les transferts internationaux de donn\u00e9es peuvent \u00eatre effectu\u00e9s en utilisant les services de fournisseurs dont les serveurs peuvent \u00eatre situ\u00e9s en dehors de l'Espace \u00e9conomique europ\u00e9en. Dans ce cas, le propri\u00e9taire s'engage \u00e0 faire appel \u00e0 des fournisseurs qui offrent un niveau de protection \u00e9quivalent au niveau europ\u00e9en en approuvant les clauses contractuelles types approuv\u00e9es par la Commission. Dans le cas de transferts internationaux vers les \u00c9tats-Unis, le cadre UE-\u00c9tats-Unis de protection des donn\u00e9es garantit aux personnes le transfert s\u00e9curis\u00e9 de leurs donn\u00e9es \u00e0 caract\u00e8re personnel vers les \u00c9tats-Unis avec un niveau de protection \u00e9quivalent \u00e0 celui conf\u00e9r\u00e9 par le cadre UE-\u00c9tats-Unis de protection des donn\u00e9es.\u00a0<a href=\"https:\/\/go.vlex.com\/vid\/843418428?fbt=webapp_preview&amp;addon_version=6.9\" target=\"_blank\" rel=\"noopener\">GDPR<\/a>.\u00a0<\/p><\/div><h2><b>COMMUNICATIONS COMMERCIALES<\/b><\/h2><p>Le PROPRI\u00c9TAIRE informe qu'en cas de demande de r\u00e9ception de communications commerciales en cochant la case correspondante sur les formulaires, celles-ci seront envoy\u00e9es via l'outil Active Campaign dont les serveurs peuvent \u00eatre situ\u00e9s en dehors de l'Espace \u00e9conomique europ\u00e9en. Dans ce cas, le fournisseur offre un niveau de protection \u00e9quivalent au niveau europ\u00e9en gr\u00e2ce \u00e0 l'approbation des Clauses Contractuelles Types approuv\u00e9es par la Commission. Dans le cas de transferts internationaux vers les \u00c9tats-Unis, le cadre de protection des donn\u00e9es UE-\u00c9tats-Unis garantit aux personnes le transfert s\u00e9curis\u00e9 de leurs donn\u00e9es \u00e0 caract\u00e8re personnel vers les \u00c9tats-Unis avec un niveau de protection \u00e9quivalent \u00e0 celui conf\u00e9r\u00e9 par le cadre de protection des donn\u00e9es UE-\u00c9tats-Unis.\u00a0<a href=\"https:\/\/go.vlex.com\/vid\/843418428?fbt=webapp_preview&amp;addon_version=6.9\" target=\"_blank\" rel=\"noopener\">GDPR<\/a>.<\/p><h2><b>DROITS<\/b><\/h2><p>Vous pouvez \u00e0 tout moment et gratuitement exercer vos droits d'acc\u00e8s, de rectification, d'effacement, d'opposition, de limitation, de portabilit\u00e9 et de r\u00e9vocation de votre consentement et, le cas \u00e9ch\u00e9ant, de ne pas faire l'objet d'une d\u00e9cision fond\u00e9e exclusivement sur un traitement automatis\u00e9, par courrier postal ou \u00e9lectronique \u00e0 l'adresse suivante : privacidad@lookalocker.com. Vous devez prouver votre identit\u00e9 et vous identifier en tant qu'utilisateur du site web.\u00a0<\/p><p>Si vous estimez que vos droits en mati\u00e8re de protection des donn\u00e9es ont \u00e9t\u00e9 viol\u00e9s, vous pouvez d\u00e9poser une plainte aupr\u00e8s de l'Agence espagnole de protection des donn\u00e9es (www.aepd.es).<\/p><h2><b>LA V\u00c9RACIT\u00c9 DES DONN\u00c9ES FOURNIES<\/b><\/h2><p>L'utilisateur est responsable de l'exactitude de ses donn\u00e9es personnelles et doit informer le propri\u00e9taire de tout changement.<\/p><h2><b>LES R\u00c9SEAUX SOCIAUX<\/b><\/h2><p>La personne concern\u00e9e doit tenir compte du fait que les donn\u00e9es collect\u00e9es sur les r\u00e9seaux sociaux tels qu'Instagram, par exemple, leur appartiendront. Par cons\u00e9quent, le propri\u00e9taire du site web ne sera pas responsable du traitement des donn\u00e9es effectu\u00e9 sur ces derniers. Il est recommand\u00e9 de lire leurs conditions d'utilisation et leurs politiques de confidentialit\u00e9.<\/p><h2><b>MODIFICATIONS<\/b><\/h2><p>Le propri\u00e9taire du site web se r\u00e9serve le droit de r\u00e9viser sa politique de confidentialit\u00e9 de temps \u00e0 autre. C'est pourquoi nous vous invitons \u00e0 consulter r\u00e9guli\u00e8rement la version la plus r\u00e9cente de cette politique de confidentialit\u00e9.<\/p><p>Toutefois, toute modification sera communiqu\u00e9e \u00e0 l'utilisateur.<\/p><p><!-- Cierre del contenedor interno aviso-legal-container --><\/p>\t\t\t\t\t\t\t\t<\/div>\n\t\t\t\t<\/div>\n\t\t\t\t\t<\/div>\n\t\t\t\t<\/div>\n\t\t\t\t<\/div>","protected":false},"excerpt":{"rendered":"<p>POL\u00cdTICA DE PRIVACIDAD \u00a0 DERECHO DE INFORMACI\u00d3N En base a la LOPDGDD y el RGPD esta pol\u00edtica tiene por finalidad informar sobre los tratamientos de datos personales efectuados por Sonia Correas Marin mediante la p\u00e1gina web. RESPONSABLE DEL TRATAMIENTO DE SUS DATOS PERSONALES Le informamos que la titularidad del dominio de la web www.lookalocker.com es [&hellip;]<\/p>","protected":false},"author":1,"featured_media":0,"parent":0,"menu_order":0,"comment_status":"closed","ping_status":"closed","template":"","meta":{"site-sidebar-layout":"no-sidebar","site-content-layout":"page-builder","ast-site-content-layout":"full-width-container","site-content-style":"default","site-sidebar-style":"default","ast-global-header-display":"","ast-banner-title-visibility":"","ast-main-header-display":"","ast-hfb-above-header-display":"","ast-hfb-below-header-display":"","ast-hfb-mobile-header-display":"","site-post-title":"disabled","ast-breadcrumbs-content":"","ast-featured-img":"disabled","footer-sml-layout":"","theme-transparent-header-meta":"","adv-header-id-meta":"","stick-header-meta":"","header-above-stick-meta":"","header-main-stick-meta":"","header-below-stick-meta":"","astra-migrate-meta-layouts":"set","ast-page-background-enabled":"default","ast-page-background-meta":{"desktop":{"background-color":"","background-image":"","background-repeat":"repeat","background-position":"center center","background-size":"auto","background-attachment":"scroll","background-type":"","background-media":"","overlay-type":"","overlay-color":"","overlay-opacity":"","overlay-gradient":""},"tablet":{"background-color":"","background-image":"","background-repeat":"repeat","background-position":"center center","background-size":"auto","background-attachment":"scroll","background-type":"","background-media":"","overlay-type":"","overlay-color":"","overlay-opacity":"","overlay-gradient":""},"mobile":{"background-color":"","background-image":"","background-repeat":"repeat","background-position":"center center","background-size":"auto","background-attachment":"scroll","background-type":"","background-media":"","overlay-type":"","overlay-color":"","overlay-opacity":"","overlay-gradient":""}},"ast-content-background-meta":{"desktop":{"background-color":"var(--ast-global-color-5)","background-image":"","background-repeat":"repeat","background-position":"center center","background-size":"auto","background-attachment":"scroll","background-type":"","background-media":"","overlay-type":"","overlay-color":"","overlay-opacity":"","overlay-gradient":""},"tablet":{"background-color":"var(--ast-global-color-5)","background-image":"","background-repeat":"repeat","background-position":"center center","background-size":"auto","background-attachment":"scroll","background-type":"","background-media":"","overlay-type":"","overlay-color":"","overlay-opacity":"","overlay-gradient":""},"mobile":{"background-color":"var(--ast-global-color-5)","background-image":"","background-repeat":"repeat","background-position":"center center","background-size":"auto","background-attachment":"scroll","background-type":"","background-media":"","overlay-type":"","overlay-color":"","overlay-opacity":"","overlay-gradient":""}},"_mbp_gutenberg_autopost":false,"footnotes":""},"class_list":["post-2837","page","type-page","status-publish","hentry"],"_links":{"self":[{"href":"https:\/\/lookalocker.com\/fr\/wp-json\/wp\/v2\/pages\/2837","targetHints":{"allow":["GET"]}}],"collection":[{"href":"https:\/\/lookalocker.com\/fr\/wp-json\/wp\/v2\/pages"}],"about":[{"href":"https:\/\/lookalocker.com\/fr\/wp-json\/wp\/v2\/types\/page"}],"author":[{"embeddable":true,"href":"https:\/\/lookalocker.com\/fr\/wp-json\/wp\/v2\/users\/1"}],"replies":[{"embeddable":true,"href":"https:\/\/lookalocker.com\/fr\/wp-json\/wp\/v2\/comments?post=2837"}],"version-history":[{"count":0,"href":"https:\/\/lookalocker.com\/fr\/wp-json\/wp\/v2\/pages\/2837\/revisions"}],"wp:attachment":[{"href":"https:\/\/lookalocker.com\/fr\/wp-json\/wp\/v2\/media?parent=2837"}],"curies":[{"name":"wp","href":"https:\/\/api.w.org\/{rel}","templated":true}]}}