{"id":950,"date":"2025-02-24T23:00:44","date_gmt":"2025-02-24T23:00:44","guid":{"rendered":"https:\/\/lookalocker.com\/blog\/index.php\/about\/"},"modified":"2025-04-09T16:19:52","modified_gmt":"2025-04-09T16:19:52","slug":"a-propos-de","status":"publish","type":"page","link":"https:\/\/lookalocker.com\/fr\/a-propos-de\/","title":{"rendered":"A propos de"},"content":{"rendered":"<div data-elementor-type=\"wp-page\" data-elementor-id=\"950\" class=\"elementor elementor-950\" data-elementor-post-type=\"page\">\n\t\t\t\t<div class=\"elementor-element elementor-element-67b0ba7 e-flex e-con-boxed e-con e-parent\" data-id=\"67b0ba7\" data-element_type=\"container\" data-e-type=\"container\" data-settings=\"{&quot;background_background&quot;:&quot;classic&quot;}\">\n\t\t\t\t\t<div class=\"e-con-inner\">\n\t\t<div class=\"elementor-element elementor-element-e0dd33d e-con-full e-flex e-con e-child\" data-id=\"e0dd33d\" data-element_type=\"container\" data-e-type=\"container\">\n\t\t\t\t<div class=\"elementor-element elementor-element-0a4aff9 elementor-widget elementor-widget-image\" data-id=\"0a4aff9\" data-element_type=\"widget\" data-e-type=\"widget\" data-widget_type=\"image.default\">\n\t\t\t\t<div class=\"elementor-widget-container\">\n\t\t\t\t\t\t\t\t\t\t\t\t\t\t\t<img fetchpriority=\"high\" decoding=\"async\" width=\"666\" height=\"1024\" src=\"https:\/\/lookalocker.com\/blog\/wp-content\/uploads\/2025\/04\/Mujer-cargando-maleta-hacia-Look-a-Locker-666x1024.webp\" class=\"attachment-large size-large wp-image-3260\" alt=\"Femme touriste prenant ses bagages \u00e0 Look a Locker | Consignas Madrid 24h by and for travellers\" srcset=\"https:\/\/lookalocker.com\/blog\/wp-content\/uploads\/2025\/04\/Mujer-cargando-maleta-hacia-Look-a-Locker-666x1024.webp 666w, https:\/\/lookalocker.com\/blog\/wp-content\/uploads\/2025\/04\/Mujer-cargando-maleta-hacia-Look-a-Locker-195x300.webp 195w, https:\/\/lookalocker.com\/blog\/wp-content\/uploads\/2025\/04\/Mujer-cargando-maleta-hacia-Look-a-Locker-768x1182.webp 768w, https:\/\/lookalocker.com\/blog\/wp-content\/uploads\/2025\/04\/Mujer-cargando-maleta-hacia-Look-a-Locker-998x1536.webp 998w, https:\/\/lookalocker.com\/blog\/wp-content\/uploads\/2025\/04\/Mujer-cargando-maleta-hacia-Look-a-Locker-1331x2048.webp 1331w, https:\/\/lookalocker.com\/blog\/wp-content\/uploads\/2025\/04\/Mujer-cargando-maleta-hacia-Look-a-Locker-8x12.webp 8w, https:\/\/lookalocker.com\/blog\/wp-content\/uploads\/2025\/04\/Mujer-cargando-maleta-hacia-Look-a-Locker-scaled-e1743717384588.webp 400w\" sizes=\"(max-width: 666px) 100vw, 666px\" \/>\t\t\t\t\t\t\t\t\t\t\t\t\t\t\t<\/div>\n\t\t\t\t<\/div>\n\t\t\t\t<\/div>\n\t\t<div class=\"elementor-element elementor-element-e2aee0c e-con-full e-flex e-con e-child\" data-id=\"e2aee0c\" data-element_type=\"container\" data-e-type=\"container\">\n\t\t\t\t<div class=\"elementor-element elementor-element-dbc91d5 elementor-widget elementor-widget-heading\" data-id=\"dbc91d5\" data-element_type=\"widget\" data-e-type=\"widget\" data-widget_type=\"heading.default\">\n\t\t\t\t<div class=\"elementor-widget-container\">\n\t\t\t\t\t<h1 class=\"elementor-heading-title elementor-size-default\">Nous savons que <span style=\"color: #FF6210\"> le voyage, c'est la libert\u00e9. <\/span>\nDonc<span style=\"color: #32D5B6\"> ne laissez pas votre valise vous immobiliser<\/span>.\n<\/h1>\t\t\t\t<\/div>\n\t\t\t\t<\/div>\n\t\t\t\t<div class=\"elementor-element elementor-element-ff0d86f elementor-widget elementor-widget-text-editor\" data-id=\"ff0d86f\" data-element_type=\"widget\" data-e-type=\"widget\" data-settings=\"{&quot;motion_fx_motion_fx_mouse&quot;:&quot;yes&quot;,&quot;motion_fx_mouseTrack_effect&quot;:&quot;yes&quot;,&quot;motion_fx_mouseTrack_speed&quot;:{&quot;unit&quot;:&quot;px&quot;,&quot;size&quot;:0.4,&quot;sizes&quot;:[]},&quot;motion_fx_tilt_effect&quot;:&quot;yes&quot;,&quot;motion_fx_tilt_speed&quot;:{&quot;unit&quot;:&quot;px&quot;,&quot;size&quot;:4,&quot;sizes&quot;:[]}}\" data-widget_type=\"text-editor.default\">\n\t\t\t\t<div class=\"elementor-widget-container\">\n\t\t\t\t\t\t\t\t\t<p><span style=\"font-weight: 400;\">Nous avons \u00e9t\u00e9 \u00e0 votre place.<\/span><\/p>\t\t\t\t\t\t\t\t<\/div>\n\t\t\t\t<\/div>\n\t\t\t\t<\/div>\n\t\t\t\t\t<\/div>\n\t\t\t\t<\/div>\n\t\t<div class=\"elementor-element elementor-element-b5d394d e-flex e-con-boxed e-con e-parent\" data-id=\"b5d394d\" data-element_type=\"container\" data-e-type=\"container\" data-settings=\"{&quot;background_background&quot;:&quot;classic&quot;}\">\n\t\t\t\t\t<div class=\"e-con-inner\">\n\t\t<div class=\"elementor-element elementor-element-8937dc0 e-con-full elementor-hidden-mobile e-flex e-con e-child\" data-id=\"8937dc0\" data-element_type=\"container\" data-e-type=\"container\" data-settings=\"{&quot;background_background&quot;:&quot;classic&quot;}\">\n\t\t\t\t<\/div>\n\t\t<div class=\"elementor-element elementor-element-b4e12f1 e-con-full e-flex e-con e-child\" data-id=\"b4e12f1\" data-element_type=\"container\" data-e-type=\"container\" data-settings=\"{&quot;background_background&quot;:&quot;classic&quot;}\">\n\t\t\t\t<div class=\"elementor-element elementor-element-7f1d5c8 elementor-widget elementor-widget-heading\" data-id=\"7f1d5c8\" data-element_type=\"widget\" data-e-type=\"widget\" data-widget_type=\"heading.default\">\n\t\t\t\t<div class=\"elementor-widget-container\">\n\t\t\t\t\t<h2 class=\"elementor-heading-title elementor-size-default\">Parce que... nous sommes des bagagistes d'un autre genre.<\/h2>\t\t\t\t<\/div>\n\t\t\t\t<\/div>\n\t\t\t\t<div class=\"elementor-element elementor-element-d3c9e83 elementor-widget elementor-widget-text-editor\" data-id=\"d3c9e83\" data-element_type=\"widget\" data-e-type=\"widget\" data-widget_type=\"text-editor.default\">\n\t\t\t\t<div class=\"elementor-widget-container\">\n\t\t\t\t\t\t\t\t\t<p><span style=\"font-weight: 400;\">Podr\u00edamos decir que somos una empresa tecnol\u00f3gica, pero no. No somos un software, ni una startup obsesionada con la automatizaci\u00f3n. <strong>Somos viajeros, como t\u00fa.<\/strong><\/span><\/p>\t\t\t\t\t\t\t\t<\/div>\n\t\t\t\t<\/div>\n\t\t\t\t<\/div>\n\t\t\t\t\t<\/div>\n\t\t\t\t<\/div>\n\t\t<div class=\"elementor-element elementor-element-52047db e-flex e-con-boxed e-con e-parent\" data-id=\"52047db\" data-element_type=\"container\" data-e-type=\"container\" data-settings=\"{&quot;background_background&quot;:&quot;classic&quot;}\">\n\t\t\t\t\t<div class=\"e-con-inner\">\n\t\t<div class=\"elementor-element elementor-element-860a51f e-con-full elementor-hidden-mobile e-flex e-con e-child\" data-id=\"860a51f\" data-element_type=\"container\" data-e-type=\"container\" data-settings=\"{&quot;background_background&quot;:&quot;classic&quot;}\">\n\t\t\t\t<\/div>\n\t\t<div class=\"elementor-element elementor-element-f9a40eb e-con-full e-flex e-con e-child\" data-id=\"f9a40eb\" data-element_type=\"container\" data-e-type=\"container\" data-settings=\"{&quot;background_background&quot;:&quot;classic&quot;}\">\n\t\t\t\t<div class=\"elementor-element elementor-element-695f456 elementor-widget elementor-widget-heading\" data-id=\"695f456\" data-element_type=\"widget\" data-e-type=\"widget\" data-widget_type=\"heading.default\">\n\t\t\t\t<div class=\"elementor-widget-container\">\n\t\t\t\t\t<h2 class=\"elementor-heading-title elementor-size-default\">Creada por y para viajeros<\/h2>\t\t\t\t<\/div>\n\t\t\t\t<\/div>\n\t\t\t\t<div class=\"elementor-element elementor-element-8ee5ae3 elementor-widget elementor-widget-text-editor\" data-id=\"8ee5ae3\" data-element_type=\"widget\" data-e-type=\"widget\" data-widget_type=\"text-editor.default\">\n\t\t\t\t<div class=\"elementor-widget-container\">\n\t\t\t\t\t\t\t\t\t<p>Sabemos lo que es aterrizar en una ciudad nueva y querer exprimir cada segundo desde que plantas el pie. Tambi\u00e9n sabemos lo que es<strong> hacer el <em>caisse<\/em> de un apartamento a las 10 de la ma\u00f1ana<\/strong> y tener un vuelo a las 8 de la tarde. Pasar el d\u00eda <strong>arrastrando una maleta<\/strong> en un magn\u00edfico destino lleno de rincones maravillosos, en calles empedradas donde el soniquete de la maleta no te deja disfrutar el momento; o sentarse en una terraza sin poder relajarse porque la mochila te molesta, o perderse una \u00faltima aventura por<strong> no saber d\u00f3nde dejar el equipaje.<\/strong><\/p>\t\t\t\t\t\t\t\t<\/div>\n\t\t\t\t<\/div>\n\t\t\t\t<\/div>\n\t\t\t\t\t<\/div>\n\t\t\t\t<\/div>\n\t\t<div class=\"elementor-element elementor-element-7ecc7bb e-flex e-con-boxed e-con e-parent\" data-id=\"7ecc7bb\" data-element_type=\"container\" data-e-type=\"container\" data-settings=\"{&quot;background_background&quot;:&quot;classic&quot;}\">\n\t\t\t\t\t<div class=\"e-con-inner\">\n\t\t<div class=\"elementor-element elementor-element-ba3a8d5 e-con-full elementor-hidden-mobile e-flex e-con e-child\" data-id=\"ba3a8d5\" data-element_type=\"container\" data-e-type=\"container\" data-settings=\"{&quot;background_background&quot;:&quot;classic&quot;}\">\n\t\t\t\t<\/div>\n\t\t<div class=\"elementor-element elementor-element-5ce93b3 e-con-full e-flex e-con e-child\" data-id=\"5ce93b3\" data-element_type=\"container\" data-e-type=\"container\" data-settings=\"{&quot;background_background&quot;:&quot;classic&quot;}\">\n\t\t\t\t<div class=\"elementor-element elementor-element-7de0c73 elementor-widget elementor-widget-heading\" data-id=\"7de0c73\" data-element_type=\"widget\" data-e-type=\"widget\" data-widget_type=\"heading.default\">\n\t\t\t\t<div class=\"elementor-widget-container\">\n\t\t\t\t\t<h2 class=\"elementor-heading-title elementor-size-default\">On nous appelle Willy Fog<\/h2>\t\t\t\t<\/div>\n\t\t\t\t<\/div>\n\t\t\t\t<div class=\"elementor-element elementor-element-75cffea elementor-widget elementor-widget-text-editor\" data-id=\"75cffea\" data-element_type=\"widget\" data-e-type=\"widget\" data-widget_type=\"text-editor.default\">\n\t\t\t\t<div class=\"elementor-widget-container\">\n\t\t\t\t\t\t\t\t\t<p>Hemos estado en Dub\u00e1i, en Maldivas, en Mauricio, en Colombia, en Cuba y en medio mundo. <strong>Hemos vivido esos momentos en los que solo quieres olvidarte de la maleta y sentirte libre.<\/strong> Y por eso naci\u00f3 <span style=\"text-decoration: underline;\">Look a Locker<\/span>: por ahora, <strong>una consigna de maletas 24\/7 en el centro de la capital,<\/strong> pensada para viajeros como t\u00fa, para que el viajea Madrid\u00a0 fluya sin obst\u00e1culos.<\/p><p>Aqu\u00ed no hay grandes discursos sobre tecnolog\u00eda. <strong>Hay experiencia real.<\/strong> Porque nadie entiende mejor lo que necesitas cuando viajas que otro viajero.<\/p>\t\t\t\t\t\t\t\t<\/div>\n\t\t\t\t<\/div>\n\t\t\t\t<\/div>\n\t\t\t\t\t<\/div>\n\t\t\t\t<\/div>\n\t\t<div class=\"elementor-element elementor-element-949f3d9 e-flex e-con-boxed e-con e-parent\" data-id=\"949f3d9\" data-element_type=\"container\" data-e-type=\"container\" data-settings=\"{&quot;background_background&quot;:&quot;classic&quot;}\">\n\t\t\t\t\t<div class=\"e-con-inner\">\n\t\t\t\t<div class=\"elementor-element elementor-element-a6e349f elementor-widget elementor-widget-heading\" data-id=\"a6e349f\" data-element_type=\"widget\" data-e-type=\"widget\" data-widget_type=\"heading.default\">\n\t\t\t\t<div class=\"elementor-widget-container\">\n\t\t\t\t\t<h2 class=\"elementor-heading-title elementor-size-default\"><span style=\"color: #FF6210\"> L\u00e2chez la valise... <\/span>  <span style=\"color: #32D5B6\">Continuez \u00e0 explorer.<\/h2>\t\t\t\t<\/div>\n\t\t\t\t<\/div>\n\t\t\t\t<div class=\"elementor-element elementor-element-7f865de elementor-widget elementor-widget-text-editor\" data-id=\"7f865de\" data-element_type=\"widget\" data-e-type=\"widget\" data-widget_type=\"text-editor.default\">\n\t\t\t\t<div class=\"elementor-widget-container\">\n\t\t\t\t\t\t\t\t\t<p><span style=\"font-weight: 400;\">\ud83d\udccd <\/span><i><span style=\"font-weight: 400;\"><strong>Look a Locker<\/strong>: Porque el mundo es demasiado grande para recorrerlo con una maleta a cuestas.<\/span><\/i><\/p>\t\t\t\t\t\t\t\t<\/div>\n\t\t\t\t<\/div>\n\t\t\t\t<div class=\"elementor-element elementor-element-e5e0b8b elementor-align-center elementor-widget elementor-widget-button\" data-id=\"e5e0b8b\" data-element_type=\"widget\" data-e-type=\"widget\" data-widget_type=\"button.default\">\n\t\t\t\t<div class=\"elementor-widget-container\">\n\t\t\t\t\t\t\t\t\t<div class=\"elementor-button-wrapper\">\n\t\t\t\t\t<a class=\"elementor-button elementor-button-link elementor-size-sm\" href=\"https:\/\/lookalocker.drop-point.com\/booking-engine?locker_ref=LOOKALOCKER1&#038;locale=es\" target=\"_blank\" rel=\"noopener\">\n\t\t\t\t\t\t<span class=\"elementor-button-content-wrapper\">\n\t\t\t\t\t\t\t\t\t<span class=\"elementor-button-text\">Reserva tu taquilla en Madrid - Atocha  <\/br>\u00a1y disfruta de la city!<\/span>\n\t\t\t\t\t<\/span>\n\t\t\t\t\t<\/a>\n\t\t\t\t<\/div>\n\t\t\t\t\t\t\t\t<\/div>\n\t\t\t\t<\/div>\n\t\t\t\t\t<\/div>\n\t\t\t\t<\/div>\n\t\t\t\t<\/div>","protected":false},"excerpt":{"rendered":"<p>Sabemos que viajar es libertad. As\u00ed que no dejes que tu maleta te ate. Hemos estado en tu pellejo. Porque\u2026 somos un guarda maletas diferente Podr\u00edamos decir que somos una empresa tecnol\u00f3gica, pero no. No somos un software, ni una startup obsesionada con la automatizaci\u00f3n. Somos viajeros, como t\u00fa. Creada por y para viajeros Sabemos [&hellip;]<\/p>","protected":false},"author":3,"featured_media":0,"parent":0,"menu_order":0,"comment_status":"closed","ping_status":"closed","template":"","meta":{"site-sidebar-layout":"no-sidebar","site-content-layout":"page-builder","ast-site-content-layout":"full-width-container","site-content-style":"unboxed","site-sidebar-style":"unboxed","ast-global-header-display":"","ast-banner-title-visibility":"","ast-main-header-display":"","ast-hfb-above-header-display":"","ast-hfb-below-header-display":"","ast-hfb-mobile-header-display":"","site-post-title":"disabled","ast-breadcrumbs-content":"","ast-featured-img":"disabled","footer-sml-layout":"","theme-transparent-header-meta":"disabled","adv-header-id-meta":"","stick-header-meta":"","header-above-stick-meta":"","header-main-stick-meta":"","header-below-stick-meta":"","astra-migrate-meta-layouts":"set","ast-page-background-enabled":"default","ast-page-background-meta":{"desktop":{"background-color":"","background-image":"","background-repeat":"repeat","background-position":"center center","background-size":"auto","background-attachment":"scroll","background-type":"","background-media":"","overlay-type":"","overlay-color":"","overlay-opacity":"","overlay-gradient":""},"tablet":{"background-color":"","background-image":"","background-repeat":"repeat","background-position":"center center","background-size":"auto","background-attachment":"scroll","background-type":"","background-media":"","overlay-type":"","overlay-color":"","overlay-opacity":"","overlay-gradient":""},"mobile":{"background-color":"","background-image":"","background-repeat":"repeat","background-position":"center center","background-size":"auto","background-attachment":"scroll","background-type":"","background-media":"","overlay-type":"","overlay-color":"","overlay-opacity":"","overlay-gradient":""}},"ast-content-background-meta":{"desktop":{"background-color":"var(--ast-global-color-5)","background-image":"","background-repeat":"repeat","background-position":"center center","background-size":"auto","background-attachment":"scroll","background-type":"","background-media":"","overlay-type":"","overlay-color":"","overlay-opacity":"","overlay-gradient":""},"tablet":{"background-color":"var(--ast-global-color-5)","background-image":"","background-repeat":"repeat","background-position":"center center","background-size":"auto","background-attachment":"scroll","background-type":"","background-media":"","overlay-type":"","overlay-color":"","overlay-opacity":"","overlay-gradient":""},"mobile":{"background-color":"var(--ast-global-color-5)","background-image":"","background-repeat":"repeat","background-position":"center center","background-size":"auto","background-attachment":"scroll","background-type":"","background-media":"","overlay-type":"","overlay-color":"","overlay-opacity":"","overlay-gradient":""}},"_mbp_gutenberg_autopost":false,"footnotes":""},"class_list":["post-950","page","type-page","status-publish","hentry"],"_links":{"self":[{"href":"https:\/\/lookalocker.com\/fr\/wp-json\/wp\/v2\/pages\/950","targetHints":{"allow":["GET"]}}],"collection":[{"href":"https:\/\/lookalocker.com\/fr\/wp-json\/wp\/v2\/pages"}],"about":[{"href":"https:\/\/lookalocker.com\/fr\/wp-json\/wp\/v2\/types\/page"}],"author":[{"embeddable":true,"href":"https:\/\/lookalocker.com\/fr\/wp-json\/wp\/v2\/users\/3"}],"replies":[{"embeddable":true,"href":"https:\/\/lookalocker.com\/fr\/wp-json\/wp\/v2\/comments?post=950"}],"version-history":[{"count":0,"href":"https:\/\/lookalocker.com\/fr\/wp-json\/wp\/v2\/pages\/950\/revisions"}],"wp:attachment":[{"href":"https:\/\/lookalocker.com\/fr\/wp-json\/wp\/v2\/media?parent=950"}],"curies":[{"name":"wp","href":"https:\/\/api.w.org\/{rel}","templated":true}]}}