{"id":2770,"date":"2025-03-21T23:12:55","date_gmt":"2025-03-21T23:12:55","guid":{"rendered":"https:\/\/lookalocker.com\/?page_id=2770"},"modified":"2025-03-28T09:25:02","modified_gmt":"2025-03-28T09:25:02","slug":"avviso-legale","status":"publish","type":"page","link":"https:\/\/lookalocker.com\/it\/avviso-legale\/","title":{"rendered":"Avviso legale"},"content":{"rendered":"<div data-elementor-type=\"wp-page\" data-elementor-id=\"2770\" class=\"elementor elementor-2770\" data-elementor-post-type=\"page\">\n\t\t\t\t<div class=\"elementor-element elementor-element-0169414 e-flex e-con-boxed e-con e-parent\" data-id=\"0169414\" data-element_type=\"container\" data-e-type=\"container\">\n\t\t\t\t\t<div class=\"e-con-inner\">\n\t\t\t\t<div class=\"elementor-element elementor-element-999ccae elementor-widget elementor-widget-text-editor\" data-id=\"999ccae\" data-element_type=\"widget\" data-e-type=\"widget\" data-widget_type=\"text-editor.default\">\n\t\t\t\t<div class=\"elementor-widget-container\">\n\t\t\t\t\t\t\t\t\t<main class=\"widget-content aviso-legal\"><br \/><!-- INICIO: Ajustes generales del contenedor del widget de aviso legal --><br \/><!-- Aqu\u00ed puedes a\u00f1adir estilos generales como padding, margin, background-color, etc. --><br \/><!-- Tambi\u00e9n puedes ajustar esto directamente en las opciones de estilo del widget en Gutenberg. --><\/main><p><style>\n        \/* Estilos generales del aviso legal - Hereda estilos de pol\u00edtica de privacidad y ajusta si es necesario *\/<br \/>        \/* Puedes modificar estos estilos para personalizar la apariencia dentro de Gutenberg *\/<br \/>        .widget-content.aviso-legal {<br \/>            background-color: #FEF1E400; \/* Color de fondo general (transparente ahora - #FEF1E4 para color) *\/<br \/>            color: #222222; \/* Color de texto principal *\/<br \/>            font-family: Poppins, sans-serif; \/* Tipograf\u00eda *\/<br \/>            line-height: 1.6; \/* Espaciado entre l\u00edneas *\/<br \/>            padding: 20px; \/* Espaciado interno *\/<br \/>            border-radius: 8px; \/* Bordes redondeados si se desea *\/<br \/>            width: 100%; \/* Asegura que el widget ocupe el ancho completo *\/<br \/>            display: flex; \/* Para centrar el contenido interno si es necesario *\/<br \/>            justify-content: center; \/* Para centrar el contenido interno horizontalmente *\/<br \/>        }<\/p>\n<p>        .aviso-legal-container { \/* Nuevo contenedor interno para aviso legal *\/<br \/>            background: white; \/* Fondo blanco para la caja de texto *\/<br \/>            padding: 20px;<br \/>            border-radius: 8px;<br \/>            box-shadow: 0 0 10px rgba(0, 0, 0, 0.1); \/* Sombra para la caja blanca *\/<br \/>            max-width: 800px; \/* Ancho m\u00e1ximo del contenido interno (ajusta si quieres m\u00e1s ancho) *\/<br \/>            width: 100%; \/* Asegura que el contenedor interno ocupe el ancho disponible dentro del widget *\/<br \/>        }<\/p>\n<p>        .aviso-legal-titulo {<br \/>            color: #222222; \/* Color del t\u00edtulo principal *\/<br \/>            font-size: 2.5em; \/* Aumentamos el tama\u00f1o del t\u00edtulo principal *\/<br \/>            font-weight: bold; \/* Hacemos el t\u00edtulo principal m\u00e1s bold *\/<br \/>            margin-bottom: 20px; \/* A\u00f1adimos margen inferior para separarlo del contenido *\/<br \/>            \/* Ajustes adicionales para el t\u00edtulo principal (tama\u00f1o, margen, etc.) *\/<br \/>        }<\/p>\n<p>        .aviso-legal-section-titulo {<br \/>            color: #222222; \/* Color de los t\u00edtulos de secci\u00f3n *\/<br \/>            font-size: 1.8em; \/* Tama\u00f1o ligeramente menor para los t\u00edtulos de secci\u00f3n *\/<br \/>            font-weight: bold; \/* Mantenemos los t\u00edtulos de secci\u00f3n en bold tambi\u00e9n, o puedes cambiar a 'normal' si prefieres *\/<br \/>            margin-top: 25px; \/* A\u00f1adimos margen superior para separar secciones *\/<br \/>            margin-bottom: 10px; \/* A\u00f1adimos margen inferior para separar del texto de la secci\u00f3n *\/<br \/>            \/* Ajustes adicionales para los t\u00edtulos de secci\u00f3n *\/<br \/>        }<\/p>\n<p>        .aviso-legal-section-texto {<br \/>            \/* Ajustes para el texto de las secciones *\/<br \/>            font-size: 1em; \/* Tama\u00f1o base para el texto de la secci\u00f3n, puedes ajustarlo *\/<br \/>        }<\/p>\n<p>        .aviso-legal-section-texto strong {<br \/>            color: #FF6210; \/* Color para el texto en negrita\/strong *\/<br \/>        }<\/p>\n<p>        .aviso-legal-section-texto ul {<br \/>            padding-left: 20px; \/* Espaciado para listas *\/<br \/>        }<\/p>\n<p>        .aviso-legal-list-item {<br \/>            \/* Estilos para los items de lista si se necesitan *\/<br \/>        }<\/p>\n<p>        \/* **ESTILOS PARA LOS ENLACES** *\/<br \/>        .aviso-legal-container a,<br \/>        .politica-privacidad-container a { \/* Aplicamos estilos a los links en ambos contenedores *\/<br \/>            color: #007BFF; \/* Color azul est\u00e1ndar para enlaces - visible en blanco *\/<br \/>            text-decoration: none; \/* Quitamos la decoraci\u00f3n de subrayado por defecto *\/<br \/>        }<\/p>\n<p>        .aviso-legal-container a:hover,<br \/>        .politica-privacidad-container a:hover { \/* Estilo al pasar el rat\u00f3n por encima *\/<br \/>            color: #0056b3; \/* Un azul m\u00e1s oscuro para el hover *\/<br \/>            text-decoration: underline; \/* Volvemos a poner el subrayado en hover para feedback visual *\/<br \/>        }<\/p>\n<p>        .aviso-legal-container a:visited,<br \/>        .politica-privacidad-container a:visited { \/* Estilo para enlaces visitados (opcional) *\/<br \/>            color: #868e96; \/* Un gris m\u00e1s suave para enlaces visitados - opcional *\/<br \/>        }<br \/>        \/* **FIN DE ESTILOS PARA LOS ENLACES** *\/<\/p>\n<p>        \/* FIN: Estilos generales del aviso legal *\/<br \/>    <\/style><\/p><p><!-- FIN: Ajustes generales del contenedor del widget de aviso legal --><\/p><div class=\"aviso-legal-container\"><p><!-- Nuevo contenedor interno con fondo blanco --><\/p><h1 class=\"widget-title aviso-legal-titulo\" style=\"text-align: center;\">AVVISO LEGALE<\/h1><p><!-- Ajustes para el t\u00edtulo principal del aviso legal --><br \/><!-- Puedes cambiar la tipograf\u00eda, tama\u00f1o, color, margen inferior, etc. --><\/p><section class=\"aviso-legal-section\"><h2 class=\"aviso-legal-section-titulo\">RESPONSABILE DEL SITO WEB<\/h2><p><!-- Ajustes para el estilo de los t\u00edtulos de secci\u00f3n --><br \/><!-- Color de texto, tama\u00f1o de fuente, peso de la fuente, margen inferior, etc. --><\/p><div class=\"aviso-legal-section-texto\"><p><!-- Ajustes para el estilo del texto de secci\u00f3n --><br \/><!-- Color de texto, tama\u00f1o de fuente, margen inferior, etc. --><\/p><p>In conformit\u00e0 alle disposizioni della Legge 34\/2002, dell'11 luglio, sui servizi della societ\u00e0 dell'informazione e del commercio elettronico, si informa che si sta visitando il sito web https:\/\/www.lookalocker.com, (di seguito \"sito web\"), di propriet\u00e0 di Sonia Correas Mar\u00edn, con sede legale in C\/Bronce 25, 28045, Madrid, Spagna, con DNI 03914737E, (di seguito, il PROPRIETARIO).<\/p><p><strong>Dettagli di contatto:<\/strong><\/p><ul><li class=\"aviso-legal-list-item\"><strong>Telefono:<\/strong> +34 623939679<\/li><li class=\"aviso-legal-list-item\"><strong>E-mail:<\/strong> <a href=\"mailto:info@lookalocker.com\">info@lookalocker.com<\/a>.<\/li><\/ul><\/div><\/section><section class=\"aviso-legal-section\"><h2 class=\"aviso-legal-section-titulo\">UTENTI<\/h2><div class=\"aviso-legal-section-texto\"><p>Accedendo e utilizzando questo sito web, l'utente acquisisce lo status di UTENTE, il che implica l'accettazione piena e senza riserve di tutte le disposizioni contenute nel presente avviso legale. Con il presente documento, vi informiamo dei termini e delle condizioni che regolano l'accesso e l'utilizzo dei siti web del Titolare, nonch\u00e9 dei servizi e dei contenuti ad essi collegati (di seguito, \"il sito\").<\/p><p>Vi consigliamo di consultare i testi legali del sito web ogni volta che desiderate utilizzarlo, essendo questa una vostra responsabilit\u00e0.<\/p><p>Inoltre, il PROPRIETARIO si riserva il diritto di sospendere, interrompere o cessare la gestione del sito web in qualsiasi momento.<\/p><\/div><\/section><section class=\"aviso-legal-section\"><h2 class=\"aviso-legal-section-titulo\">TERMINI E CONDIZIONI DI UTILIZZO DEL SITO WEB<\/h2><div class=\"aviso-legal-section-texto\"><p>Questo sito web fornisce l'accesso a informazioni, servizi, programmi o dati (di seguito, \"il contenuto\") su Internet appartenenti al Titolare. L'Utente \u00e8 pienamente responsabile dell'uso del portale.<\/p><p>L'Utente si impegna a fare un uso appropriato dei contenuti e dei servizi offerti dal Titolare attraverso il proprio sito web e, a titolo esemplificativo ma non esaustivo, a non utilizzarli per:<\/p><ul><li class=\"aviso-legal-list-item\">Impegnarsi in attivit\u00e0 illecite, illegali o contrarie alla buona fede e all'ordine pubblico.<\/li><li class=\"aviso-legal-list-item\">Diffusione di contenuti o propaganda che violano i diritti umani.<\/li><li class=\"aviso-legal-list-item\">intraprendere attivit\u00e0 dannose, che disturbano l'uso efficace del sito web.<\/li><li class=\"aviso-legal-list-item\">causare danni ai sistemi fisici e logici del Titolare, dei suoi fornitori o di terzi, introdurre o diffondere virus informatici o qualsiasi altro sistema fisico o logico che possa causare i suddetti danni.<\/li><li class=\"aviso-legal-list-item\">Utilizzare il sito web e le informazioni in esso contenute per scopi commerciali, politici, pubblicitari o per qualsiasi altro uso commerciale e inviare e-mail non richieste.<\/li><\/ul><\/div><\/section><section class=\"aviso-legal-section\"><h2 class=\"aviso-legal-section-titulo\">DIRITTI DI PROPRIET\u00c0 INTELLETTUALE E INDUSTRIALE<\/h2><div class=\"aviso-legal-section-texto\"><p>Tutti i diritti di propriet\u00e0 intellettuale e industriale sui contenuti di questo sito web, compresi il design grafico, le immagini, i segni, i segni distintivi, il nome, il logo, il codice sorgente e i servizi, sono di propriet\u00e0 esclusiva di Sonia Correas Mar\u00edn o di terzi che ne hanno autorizzato l'uso. In base alla normativa vigente, Sonia Correas Mar\u00edn si riserva l'esercizio esclusivo dei diritti di sfruttamento di questi elementi, senza concedere alcuna licenza o autorizzazione per il loro utilizzo, salvo espressa indicazione contraria.<\/p><p>La riproduzione e la memorizzazione temporanea dei contenuti del sito web sono consentite solo se strettamente necessarie per l'uso e la visualizzazione da un dispositivo personale. La riproduzione, la distribuzione, la modifica o l'utilizzo a fini commerciali o pubblicitari non sono consentiti senza l'espressa autorizzazione del proprietario o nei casi consentiti dalla legge. \u00c8 altres\u00ec vietato qualsiasi tentativo di ottenere i contenuti con mezzi diversi da quelli forniti dal sito web.<\/p><\/div><\/section><section class=\"aviso-legal-section\"><h2 class=\"aviso-legal-section-titulo\">ESCLUSIONE DI GARANZIE E RESPONSABILIT\u00c0<\/h2><div class=\"aviso-legal-section-texto\"><p>L'utilizzo dei contenuti di questo sito web \u00e8 a rischio e pericolo dell'Utente. Pertanto, a titolo esemplificativo, il Titolare non si assume alcuna responsabilit\u00e0 per:<\/p><ul><li class=\"aviso-legal-list-item\">La disponibilit\u00e0 del funzionamento del sito web, dei suoi servizi e contenuti e la sua qualit\u00e0 o interoperabilit\u00e0.<\/li><li class=\"aviso-legal-list-item\">Lo scopo per cui il sito web serve agli obiettivi dell'Utente.<\/li><li class=\"aviso-legal-list-item\">Violazione della legislazione vigente da parte dell'Utente o di terzi e, in particolare, dei diritti di propriet\u00e0 intellettuale e industriale di propriet\u00e0 di altre persone o entit\u00e0.<\/li><li class=\"aviso-legal-list-item\">L'esistenza di codici maligni o di qualsiasi altro elemento informatico dannoso che possa danneggiare il sistema informatico dell'Utente o di terzi. \u00c8 responsabilit\u00e0 dell'Utente, in ogni caso, dotarsi di strumenti adeguati per l'individuazione e la disinfezione di tali elementi.<\/li><li class=\"aviso-legal-list-item\">L'accesso fraudolento ai contenuti o ai servizi da parte di terzi non autorizzati o, se del caso, la cattura, l'eliminazione, l'alterazione, la modifica o la manipolazione di messaggi e comunicazioni di qualsiasi tipo che tali terzi possono effettuare.<\/li><li class=\"aviso-legal-list-item\">I danni causati alle apparecchiature informatiche durante l'accesso al sito web e i danni causati agli Utenti quando sono provocati da guasti o disconnessioni nelle reti di telecomunicazione che interrompono il servizio.<\/li><li class=\"aviso-legal-list-item\">Danni o perdite derivanti da circostanze imprevedibili o di forza maggiore.<\/li><\/ul><\/div><\/section><section class=\"aviso-legal-section\"><h2 class=\"aviso-legal-section-titulo\">MODIFICHE E DURATA<\/h2><div class=\"aviso-legal-section-texto\"><p>Il Titolare del sito si riserva il diritto di cancellare, aggiungere o modificare sia i Contenuti che i Servizi offerti. Si intendono in vigore le condizioni pubblicate al momento dell'accesso dell'Utente al sito. <a href=\"mailto:info@lookalocker.com\">info@lookalocker.com<\/a>.<\/p><p>Il presente avviso legale \u00e8 a tempo indeterminato e rimarr\u00e0 in vigore fino a quando non verr\u00e0 modificato. Pertanto, \u00e8 possibile che vengano apportate modifiche alle condizioni qui specificate. Queste entreranno in vigore dal momento della loro pubblicazione.<\/p><p>L'accesso e\/o l'utilizzo del sito web si intende come accettazione da parte dell'Utente del presente Avviso Legale e delle sue condizioni e, ove applicabile, di qualsiasi modifica ad esse apportata.<\/p><p>Allo stesso modo, quando si contratta il nostro servizio, \u00e8 necessario accettare, prima di effettuare il pagamento, le Condizioni di Contratto che regolano le condizioni del servizio che si sta contrattando.<\/p><\/div><\/section><section class=\"aviso-legal-section\"><h2 class=\"aviso-legal-section-titulo\">COLLEGAMENTI IPER<\/h2><div class=\"aviso-legal-section-texto\"><p>Il sito web del PROPRIETARIO pu\u00f2 contenere link a siti web di societ\u00e0 ed enti terzi. Si consiglia di leggere l'informativa sulla privacy di questi siti web che non sono di propriet\u00e0 del PROPRIETARIO e per i quali il PROPRIETARIO non \u00e8 responsabile.<\/p><\/div><\/section><section class=\"aviso-legal-section\"><h2 class=\"aviso-legal-section-titulo\">DIRITTI DI ESCLUSIONE<\/h2><div class=\"aviso-legal-section-texto\"><p>Il Titolare si riserva il diritto di negare o revocare l'accesso al portale e\/o ai servizi offerti senza preavviso, su propria richiesta o su richiesta di terzi, agli utenti che non rispettino il contenuto della presente nota legale.<\/p><\/div><\/section><section class=\"aviso-legal-section\"><h2 class=\"aviso-legal-section-titulo\">GENERALE<\/h2><div class=\"aviso-legal-section-texto\"><p>Qualsiasi violazione delle condizioni di utilizzo o uso improprio sar\u00e0 perseguito. Saranno esercitate tutte le azioni civili e penali che vi possono corrispondere per legge.<\/p><\/div><\/section><section class=\"aviso-legal-section\"><h2 class=\"aviso-legal-section-titulo\">LEGGE APPLICABILE E GIURISDIZIONE<\/h2><div class=\"aviso-legal-section-texto\"><p>Tutte le questioni che possono derivare dall'accesso e\/o dall'uso di questo sito web saranno regolate e interpretate in conformit\u00e0 con la legge spagnola e qualsiasi controversia sar\u00e0 sottoposta alle Corti e ai Tribunali di Madrid.<\/p><\/div><\/section><section class=\"aviso-legal-section\"><h2 class=\"aviso-legal-section-titulo\">MINORI<\/h2><div class=\"aviso-legal-section-texto\"><p>I servizi di questo sito web sono destinati a utenti di et\u00e0 superiore ai 16 anni.<\/p><\/div><\/section><section class=\"aviso-legal-section\"><h2 class=\"aviso-legal-section-titulo\">MISURE DI SICUREZZA - SSL<\/h2><div class=\"aviso-legal-section-texto\"><p>Un certificato SSL (\"Secure Sockets Layer\") \u00e8 in vigore per proteggere le informazioni e i dati personali che possono essere trattati sul sito web.<\/p><\/div><\/section><p><!-- FIN: Secci\u00f3n de aviso legal. Puedes a\u00f1adir m\u00e1s secciones si es necesario. --><\/p><\/div><p><!-- Cierre del contenedor interno aviso-legal-container --><\/p>\t\t\t\t\t\t\t\t<\/div>\n\t\t\t\t<\/div>\n\t\t\t\t\t<\/div>\n\t\t\t\t<\/div>\n\t\t\t\t<\/div>","protected":false},"excerpt":{"rendered":"<p>AVISO LEGAL RESPONSABLE DEL SITIO WEB En base a lo establecido en Ley 34\/2002, de 11 de julio, de servicios de la sociedad de la informaci\u00f3n y de comercio electr\u00f3nico, se informa que est\u00e1 visitando la p\u00e1gina web https:\/\/www.lookalocker.com, (en adelante \u201csitio Web\u201d), titularidad de Sonia Correas Mar\u00edn, con domicilio social en C\/Bronce 25, 28045, [&hellip;]<\/p>","protected":false},"author":3,"featured_media":0,"parent":0,"menu_order":0,"comment_status":"closed","ping_status":"closed","template":"","meta":{"site-sidebar-layout":"no-sidebar","site-content-layout":"page-builder","ast-site-content-layout":"full-width-container","site-content-style":"default","site-sidebar-style":"default","ast-global-header-display":"","ast-banner-title-visibility":"","ast-main-header-display":"","ast-hfb-above-header-display":"","ast-hfb-below-header-display":"","ast-hfb-mobile-header-display":"","site-post-title":"disabled","ast-breadcrumbs-content":"","ast-featured-img":"disabled","footer-sml-layout":"","theme-transparent-header-meta":"","adv-header-id-meta":"","stick-header-meta":"","header-above-stick-meta":"","header-main-stick-meta":"","header-below-stick-meta":"","astra-migrate-meta-layouts":"set","ast-page-background-enabled":"default","ast-page-background-meta":{"desktop":{"background-color":"","background-image":"","background-repeat":"repeat","background-position":"center center","background-size":"auto","background-attachment":"scroll","background-type":"","background-media":"","overlay-type":"","overlay-color":"","overlay-opacity":"","overlay-gradient":""},"tablet":{"background-color":"","background-image":"","background-repeat":"repeat","background-position":"center center","background-size":"auto","background-attachment":"scroll","background-type":"","background-media":"","overlay-type":"","overlay-color":"","overlay-opacity":"","overlay-gradient":""},"mobile":{"background-color":"","background-image":"","background-repeat":"repeat","background-position":"center center","background-size":"auto","background-attachment":"scroll","background-type":"","background-media":"","overlay-type":"","overlay-color":"","overlay-opacity":"","overlay-gradient":""}},"ast-content-background-meta":{"desktop":{"background-color":"var(--ast-global-color-5)","background-image":"","background-repeat":"repeat","background-position":"center center","background-size":"auto","background-attachment":"scroll","background-type":"","background-media":"","overlay-type":"","overlay-color":"","overlay-opacity":"","overlay-gradient":""},"tablet":{"background-color":"var(--ast-global-color-5)","background-image":"","background-repeat":"repeat","background-position":"center center","background-size":"auto","background-attachment":"scroll","background-type":"","background-media":"","overlay-type":"","overlay-color":"","overlay-opacity":"","overlay-gradient":""},"mobile":{"background-color":"var(--ast-global-color-5)","background-image":"","background-repeat":"repeat","background-position":"center center","background-size":"auto","background-attachment":"scroll","background-type":"","background-media":"","overlay-type":"","overlay-color":"","overlay-opacity":"","overlay-gradient":""}},"_mbp_gutenberg_autopost":false,"footnotes":""},"class_list":["post-2770","page","type-page","status-publish","hentry"],"_links":{"self":[{"href":"https:\/\/lookalocker.com\/it\/wp-json\/wp\/v2\/pages\/2770","targetHints":{"allow":["GET"]}}],"collection":[{"href":"https:\/\/lookalocker.com\/it\/wp-json\/wp\/v2\/pages"}],"about":[{"href":"https:\/\/lookalocker.com\/it\/wp-json\/wp\/v2\/types\/page"}],"author":[{"embeddable":true,"href":"https:\/\/lookalocker.com\/it\/wp-json\/wp\/v2\/users\/3"}],"replies":[{"embeddable":true,"href":"https:\/\/lookalocker.com\/it\/wp-json\/wp\/v2\/comments?post=2770"}],"version-history":[{"count":0,"href":"https:\/\/lookalocker.com\/it\/wp-json\/wp\/v2\/pages\/2770\/revisions"}],"wp:attachment":[{"href":"https:\/\/lookalocker.com\/it\/wp-json\/wp\/v2\/media?parent=2770"}],"curies":[{"name":"wp","href":"https:\/\/api.w.org\/{rel}","templated":true}]}}